{"id":60,"date":"2015-04-15T10:57:41","date_gmt":"2015-04-15T10:57:41","guid":{"rendered":"http:\/\/welfare.cmsmasters.net\/?page_id=60"},"modified":"2025-12-22T12:44:57","modified_gmt":"2025-12-22T12:44:57","slug":"kontakt","status":"publish","type":"page","link":"https:\/\/balsam-medica.pl\/pl\/kontakt\/","title":{"rendered":"Kontakt"},"content":{"rendered":"<div id=\"cmsmasters_row_3c09fe3d81\" class=\"cmsmasters_row cmsmasters_color_scheme_default cmsmasters_row_top_default cmsmasters_row_bot_default cmsmasters_row_fullwidth\">\n<div class=\"cmsmasters_row_outer_parent\">\n<div class=\"cmsmasters_row_outer\">\n<div class=\"cmsmasters_row_inner cmsmasters_row_fullwidth\">\n<div class=\"cmsmasters_row_margin\">\n<div id=\"cmsmasters_column_ca38f5b249\" class=\"cmsmasters_column one_first\">\n<div class=\"cmsmasters_column_inner\"><div class=\"custom_html\">\n<iframe src=\"https:\/\/www.google.com\/maps\/embed?pb=!1m18!1m12!1m3!1d628.192089786024!2d20.940542926369176!3d52.22418690713824!2m3!1f0!2f0!3f0!3m2!1i1024!2i768!4f13.1!3m3!1m2!1s0x471ecb4142a68aab%3A0x4d443f2c2a7f476d!2sGoleszowska%201%2C%2001-249%20Warszawa!5e0!3m2!1spl!2spl!4v1693912152237!5m2!1spl!2spl\" width=\"100%\" height=\"450\" style=\"border:0;\" allowfullscreen=\"\" loading=\"lazy\" referrerpolicy=\"no-referrer-when-downgrade\"><\/iframe>\n<\/div>\n<\/div><\/div>\n<\/div>\n<\/div>\n<\/div>\n<\/div>\n<\/div>\n<div id=\"cmsmasters_row_jmw6m9p5m8\" class=\"cmsmasters_row cmsmasters_color_scheme_default cmsmasters_row_top_default cmsmasters_row_bot_default cmsmasters_row_fullwidth\">\n<div class=\"cmsmasters_row_outer_parent\">\n<div class=\"cmsmasters_row_outer\">\n<div class=\"cmsmasters_row_inner cmsmasters_row_fullwidth\">\n<div class=\"cmsmasters_row_margin\">\n<div id=\"cmsmasters_column_siz0uca18v\" class=\"cmsmasters_column one_third\">\n<div class=\"cmsmasters_column_inner\"><\/div><\/div>\n<div id=\"cmsmasters_column_06j89hp8l\" class=\"cmsmasters_column one_third\">\n<div class=\"cmsmasters_column_inner\"><div id=\"cmsmasters_button_ja369b12le\" class=\"button_wrap\"><a href=\"#\" class=\"cmsmasters_button cmsmasters-icon-calendar-3 C2A\"><span>Um\u00f3w wizyt\u0119<\/span><\/a><\/div>\n<\/div><\/div>\n<div id=\"cmsmasters_column_mxfe53fj8f\" class=\"cmsmasters_column one_third\">\n<div class=\"cmsmasters_column_inner\"><\/div><\/div>\n<\/div>\n<\/div>\n<\/div>\n<\/div>\n<\/div>\n<div id=\"cmsmasters_row_7f84ee2983\" class=\"cmsmasters_row cmsmasters_color_scheme_default cmsmasters_row_top_default cmsmasters_row_bot_default cmsmasters_row_boxed\">\n<div class=\"cmsmasters_row_outer_parent\">\n<div class=\"cmsmasters_row_outer\">\n<div class=\"cmsmasters_row_inner\">\n<div class=\"cmsmasters_row_margin\">\n<div id=\"cmsmasters_column_4b86539781\" class=\"cmsmasters_column one_fourth\">\n<div class=\"cmsmasters_column_inner\"><div id=\"cmsmasters_heading_8609248174\" class=\"cmsmasters_heading_wrap cmsmasters_heading_align_left\">\n\t<h2 class=\"cmsmasters_heading\">Dane kontaktowe<\/h2>\n<\/div><div class=\"cmsmasters_text\">\n<p>balsamMEDICA Sp z o.o.<br \/>\nul.Goleszowska 1 lok. U5<br \/>\n01-249 Warszawa<\/p>\n<p><strong data-start=\"618\" data-end=\"641\">Dojazd i parkowanie<\/strong><br data-start=\"641\" data-end=\"644\" \/>Drodzy Pacjenci,<br data-start=\"660\" data-end=\"663\" \/>z uwagi na lokalizacj\u0119, nasza poradnia nie posiada prywatnych miejsc parkingowych.<br data-start=\"747\" data-end=\"750\" \/>Prosimy o zaplanowanie dodatkowego czasu na znalezienie miejsca postojowego w okolicy. Dzi\u0119kujemy za wyrozumia\u0142o\u015b\u0107!<\/p>\n<ul>\n<li>Telefon: <a href=\"tel:223905303\">(22) 390-53-03<\/a><\/li>\n<li>e-mail: <a href=\"mailto:recepcja@balsam-medica.pl\">recepcja@balsam-medica.pl<\/a><\/li>\n<\/ul>\n<\/div>\n<\/div><\/div>\n<div id=\"cmsmasters_column_46c1770463\" class=\"cmsmasters_column one_fourth\">\n<div class=\"cmsmasters_column_inner\"><div id=\"cmsmasters_heading_kz6wbfrn\" class=\"cmsmasters_heading_wrap cmsmasters_heading_align_left\">\n\t<h2 class=\"cmsmasters_heading\">Godziny otwarcia<\/h2>\n<\/div><div class=\"cmsmasters_text\">\n<ul>\n<li>Poniedzia\u0142ek 11:00-19:00<\/li>\n<li>Wtorek 09:00-19:00<\/li>\n<li>\u015aroda 11:00-19:00<\/li>\n<li>Czwartek 09:00-19:00<\/li>\n<li>Pi\u0105tek 11:00-19:00<\/li>\n<\/ul>\n<\/div>\n<\/div><\/div>\n<div id=\"cmsmasters_column_df71wfiwz\" class=\"cmsmasters_column one_fourth\">\n<div class=\"cmsmasters_column_inner\"><div class=\"aligncenter\"><div class=\"cmsmasters_img  cmsmasters_image_c lightbox\"><img decoding=\"async\" src=\"https:\/\/balsam-medica.pl\/wp-content\/uploads\/2025\/04\/tramwaj.png\" \/><\/div><\/div>\n<\/div><\/div>\n<div id=\"cmsmasters_column_rddqp3fgl\" class=\"cmsmasters_column one_fourth\">\n<div class=\"cmsmasters_column_inner\"><div class=\"aligncenter\"><div class=\"cmsmasters_img  cmsmasters_image_c\"><img decoding=\"async\" src=\"https:\/\/balsam-medica.pl\/wp-content\/uploads\/2025\/04\/bus.png\" \/><\/div><\/div>\n<\/div><\/div>\n<\/div>\n<\/div>\n<\/div>\n<\/div>\n<\/div>\n\n","protected":false},"excerpt":{"rendered":"","protected":false},"author":1,"featured_media":0,"parent":0,"menu_order":0,"comment_status":"closed","ping_status":"closed","template":"","meta":{"footnotes":""},"class_list":["post-60","page","type-page","status-publish","hentry"],"_links":{"self":[{"href":"https:\/\/balsam-medica.pl\/pl\/wp-json\/wp\/v2\/pages\/60","targetHints":{"allow":["GET"]}}],"collection":[{"href":"https:\/\/balsam-medica.pl\/pl\/wp-json\/wp\/v2\/pages"}],"about":[{"href":"https:\/\/balsam-medica.pl\/pl\/wp-json\/wp\/v2\/types\/page"}],"author":[{"embeddable":true,"href":"https:\/\/balsam-medica.pl\/pl\/wp-json\/wp\/v2\/users\/1"}],"replies":[{"embeddable":true,"href":"https:\/\/balsam-medica.pl\/pl\/wp-json\/wp\/v2\/comments?post=60"}],"version-history":[{"count":33,"href":"https:\/\/balsam-medica.pl\/pl\/wp-json\/wp\/v2\/pages\/60\/revisions"}],"predecessor-version":[{"id":15551,"href":"https:\/\/balsam-medica.pl\/pl\/wp-json\/wp\/v2\/pages\/60\/revisions\/15551"}],"wp:attachment":[{"href":"https:\/\/balsam-medica.pl\/pl\/wp-json\/wp\/v2\/media?parent=60"}],"curies":[{"name":"wp","href":"https:\/\/api.w.org\/{rel}","templated":true}]}}