{"id":529,"date":"2015-04-20T11:50:56","date_gmt":"2015-04-20T11:50:56","guid":{"rendered":"http:\/\/welfare.cmsmasters.net\/?page_id=529"},"modified":"2025-11-24T16:55:34","modified_gmt":"2025-11-24T16:55:34","slug":"o-nas","status":"publish","type":"page","link":"https:\/\/balsam-medica.pl\/pl\/o-nas\/","title":{"rendered":"O nas"},"content":{"rendered":"<div id=\"cmsmasters_row_2ew1duqgmb\" class=\"cmsmasters_row cmsmasters_color_scheme_default cmsmasters_row_top_default cmsmasters_row_bot_default cmsmasters_row_fullwidth\">\n<div class=\"cmsmasters_row_outer_parent\">\n<div class=\"cmsmasters_row_outer\">\n<div class=\"cmsmasters_row_inner cmsmasters_row_fullwidth\">\n<div class=\"cmsmasters_row_margin\">\n<div id=\"cmsmasters_column_iffzaut8bf\" class=\"cmsmasters_column one_first\">\n<div class=\"cmsmasters_column_inner\">\n<div class=\"cmsmasters_slider\">\n\t\t\t<!-- START slider About Us REVOLUTION SLIDER 6.6.15 --><p class=\"rs-p-wp-fix\"><\/p>\n\t\t\t<rs-module-wrap id=\"rev_slider_3_1_wrapper\" data-source=\"gallery\" style=\"visibility:hidden;background:transparent;padding:0;margin:0px auto;margin-top:0;margin-bottom:0;\">\n\t\t\t\t<rs-module id=\"rev_slider_3_1\" style=\"\" data-version=\"6.6.15\">\n\t\t\t\t\t<rs-slides style=\"overflow: hidden; position: absolute;\">\n\t\t\t\t\t\t<rs-slide style=\"position: absolute;\" data-key=\"rs-12\" data-title=\"Slide\" data-in=\"o:0;\" data-out=\"a:false;\">\n\t\t\t\t\t\t\t<img decoding=\"async\" src=\"\/\/balsam-medica.pl\/wp-content\/plugins\/revslider\/public\/assets\/assets\/dummy.png\" alt=\"Slide\" title=\"Portrait of smiling doctor in white uniform standing with crossed hands on grey background\" width=\"2560\" height=\"1706\" class=\"rev-slidebg tp-rs-img rs-lazyload\" data-lazyload=\"\/\/balsam-medica.pl\/wp-content\/plugins\/revslider\/public\/assets\/assets\/transparent.png\" data-bg=\"p:right top;c:linear-gradient(rgba(52,59,66,1) 0%, rgba(92,111,117,1) 100%);\" data-no-retina>\n<!--\n\t\t\t\t\t\t\t--><rs-layer\n\t\t\t\t\t\t\t\tid=\"slider-3-slide-12-layer-0\" \n\t\t\t\t\t\t\t\tdata-type=\"image\"\n\t\t\t\t\t\t\t\tdata-rsp_ch=\"on\"\n\t\t\t\t\t\t\t\tdata-xy=\"xo:11px,11px,11px,1px;yo:-131px,-131px,-131px,-32px;\"\n\t\t\t\t\t\t\t\tdata-text=\"w:normal;s:20,20,20,4;l:0,0,0,6;\"\n\t\t\t\t\t\t\t\tdata-dim=\"w:1920px,1920px,1920px,480px;h:1280px,1280px,1280px,319px;\"\n\t\t\t\t\t\t\t\tdata-frame_1=\"sp:1040;\"\n\t\t\t\t\t\t\t\tdata-frame_999=\"o:0;st:w;sR:1960;\"\n\t\t\t\t\t\t\t\tstyle=\"z-index:6;\"\n\t\t\t\t\t\t\t><img decoding=\"async\" src=\"\/\/balsam-medica.pl\/wp-content\/plugins\/revslider\/public\/assets\/assets\/dummy.png\" alt=\"\" class=\"tp-rs-img rs-lazyload\" width=\"2560\" height=\"1707\" data-lazyload=\"\/\/balsam-medica.pl\/wp-content\/uploads\/2023\/10\/IMG_8710-2-kopia-scaled.jpg\" data-no-retina> \n\t\t\t\t\t\t\t<\/rs-layer><!--\n\n\t\t\t\t\t\t\t--><rs-layer\n\t\t\t\t\t\t\t\tid=\"slider-3-slide-12-layer-1\" \n\t\t\t\t\t\t\t\tdata-type=\"text\"\n\t\t\t\t\t\t\t\tdata-rsp_ch=\"on\"\n\t\t\t\t\t\t\t\tdata-xy=\"xo:111px,111px,111px,9px;yo:300px,300px,300px,88px;\"\n\t\t\t\t\t\t\t\tdata-text=\"w:normal;s:27,27,27,16;l:31,31,31,22;\"\n\t\t\t\t\t\t\t\tdata-dim=\"w:414,414,414,139px;\"\n\t\t\t\t\t\t\t\tdata-frame_1=\"e:power2.inOut;st:500;sR:500;\"\n\t\t\t\t\t\t\t\tdata-frame_999=\"o:0;e:nothing;st:w;sR:2200;\"\n\t\t\t\t\t\t\t\tstyle=\"z-index:8;font-family:'Open Sans';\"\n\t\t\t\t\t\t\t>W Balsam Medica spotkasz najlepszych specjalist\u00f3w, \nkt\u00f3rzy wsp\u00f3lnie wypracuj\u0105 dla Ciebie najlepsze opcje terapeutyczne. \n<br \/><br \/>\nMo\u017cesz nam zaufa\u0107. \n\t\t\t\t\t\t\t<\/rs-layer><!--\n\n\t\t\t\t\t\t\t--><h1\n\t\t\t\t\t\t\t\tid=\"slider-3-slide-12-layer-2\" \n\t\t\t\t\t\t\t\tclass=\"rs-layer\"\n\t\t\t\t\t\t\t\tdata-type=\"text\"\n\t\t\t\t\t\t\t\tdata-rsp_ch=\"on\"\n\t\t\t\t\t\t\t\tdata-xy=\"xo:115px,115px,115px,9px;yo:222px,222px,222px,88px;\"\n\t\t\t\t\t\t\t\tdata-text=\"w:nowrap,nowrap,nowrap,normal;s:51,51,51,16;l:59,59,59,22;\"\n\t\t\t\t\t\t\t\tdata-dim=\"w:413,413,413,139px;h:84,84,84,auto;\"\n\t\t\t\t\t\t\t\tdata-frame_1=\"e:power2.inOut;st:500;sR:500;\"\n\t\t\t\t\t\t\t\tdata-frame_999=\"o:0;e:nothing;st:w;sR:2200;\"\n\t\t\t\t\t\t\t\tstyle=\"z-index:7;font-family:'Open Sans';\"\n\t\t\t\t\t\t\t>O naszej klinice \n\t\t\t\t\t\t\t<\/h1><!--\n-->\t\t\t\t\t\t<\/rs-slide>\n\t\t\t\t\t<\/rs-slides>\n\t\t\t\t\t<rs-static-layers><!--\n\t\t\t\t\t--><\/rs-static-layers>\n\t\t\t\t<\/rs-module>\n\t\t\t\t<script>\n\t\t\t\t\tsetREVStartSize({c: 'rev_slider_3_1',rl:[1240,1240,1240,480],el:[720,720,720,260],gw:[1920,1920,1920,480],gh:[720,720,720,260],type:'standard',justify:'',layout:'fullwidth',mh:\"0\"});if (window.RS_MODULES!==undefined && window.RS_MODULES.modules!==undefined && window.RS_MODULES.modules[\"revslider31\"]!==undefined) {window.RS_MODULES.modules[\"revslider31\"].once = false;window.revapi3 = undefined;if (window.RS_MODULES.checkMinimal!==undefined) window.RS_MODULES.checkMinimal()}\n\t\t\t\t<\/script>\n\t\t\t<\/rs-module-wrap>\n\t\t\t<!-- END REVOLUTION SLIDER -->\n<\/div>\n<\/div><\/div>\n<\/div>\n<\/div>\n<\/div>\n<\/div>\n<\/div>\n<div id=\"cmsmasters_row_7c1c11db73\" class=\"cmsmasters_row cmsmasters_color_scheme_default cmsmasters_row_top_default cmsmasters_row_bot_default cmsmasters_row_boxed\">\n<div class=\"cmsmasters_row_outer_parent\">\n<div class=\"cmsmasters_row_outer\">\n<div class=\"cmsmasters_row_inner\">\n<div class=\"cmsmasters_row_margin\">\n<div id=\"cmsmasters_column_18105c8427\" class=\"cmsmasters_column one_half\">\n<div class=\"cmsmasters_column_inner\"><div class=\"cmsmasters_content_slider_wrap\" style=\"max-width:px;\"><div id=\"cmsmasters_slider_466a37b5db\" class=\"cmsmasters_owl_slider owl-carousel cmsmasters_content_slider\" data-auto-play=\"5000\" data-stop-on-hover=\"true\" data-rewind-nav=\"false\" data-slide-speed=\"750\" data-pagination-speed=\"750\" data-rewind-speed=\"1000\" data-transition-style=\"fade\" data-pagination=\"false\" data-navigation=\"true\" data-navigation-prev=\"<span><\/span>\" data-navigation-next=\"<span><\/span>\"><div class=\"cmsmasters_owl_slider_item cmsmasters_content_slider_item\"><img loading=\"lazy\" decoding=\"async\" width=\"1500\" height=\"691\" src=\"https:\/\/balsam-medica.pl\/wp-content\/uploads\/2023\/09\/healthcare-people-group.jpg\" class=\"attachment-full size-full\" alt=\"\" srcset=\"https:\/\/balsam-medica.pl\/wp-content\/uploads\/2023\/09\/healthcare-people-group.jpg 1500w, https:\/\/balsam-medica.pl\/wp-content\/uploads\/2023\/09\/healthcare-people-group-300x138.jpg 300w, https:\/\/balsam-medica.pl\/wp-content\/uploads\/2023\/09\/healthcare-people-group-1024x472.jpg 1024w, https:\/\/balsam-medica.pl\/wp-content\/uploads\/2023\/09\/healthcare-people-group-768x354.jpg 768w, https:\/\/balsam-medica.pl\/wp-content\/uploads\/2023\/09\/healthcare-people-group-580x267.jpg 580w, https:\/\/balsam-medica.pl\/wp-content\/uploads\/2023\/09\/healthcare-people-group-860x396.jpg 860w, https:\/\/balsam-medica.pl\/wp-content\/uploads\/2023\/09\/healthcare-people-group-1160x534.jpg 1160w, https:\/\/balsam-medica.pl\/wp-content\/uploads\/2023\/09\/healthcare-people-group-1320x608.jpg 1320w\" sizes=\"auto, (max-width: 1500px) 100vw, 1500px\" \/><\/div><div class=\"cmsmasters_owl_slider_item cmsmasters_content_slider_item\"><img loading=\"lazy\" decoding=\"async\" width=\"1000\" height=\"667\" src=\"https:\/\/balsam-medica.pl\/wp-content\/uploads\/2016\/09\/serious-operation-darkness.jpg\" class=\"attachment-full size-full\" alt=\"\" srcset=\"https:\/\/balsam-medica.pl\/wp-content\/uploads\/2016\/09\/serious-operation-darkness.jpg 1000w, https:\/\/balsam-medica.pl\/wp-content\/uploads\/2016\/09\/serious-operation-darkness-300x200.jpg 300w, https:\/\/balsam-medica.pl\/wp-content\/uploads\/2016\/09\/serious-operation-darkness-768x512.jpg 768w, https:\/\/balsam-medica.pl\/wp-content\/uploads\/2016\/09\/serious-operation-darkness-580x387.jpg 580w, https:\/\/balsam-medica.pl\/wp-content\/uploads\/2016\/09\/serious-operation-darkness-860x574.jpg 860w\" sizes=\"auto, (max-width: 1000px) 100vw, 1000px\" \/><\/div><div class=\"cmsmasters_owl_slider_item cmsmasters_content_slider_item\"><img loading=\"lazy\" decoding=\"async\" width=\"1000\" height=\"667\" src=\"https:\/\/balsam-medica.pl\/wp-content\/uploads\/2016\/09\/doctor-examining-little-girl-by-stethoscope.jpg\" class=\"attachment-full size-full\" alt=\"\" srcset=\"https:\/\/balsam-medica.pl\/wp-content\/uploads\/2016\/09\/doctor-examining-little-girl-by-stethoscope.jpg 1000w, https:\/\/balsam-medica.pl\/wp-content\/uploads\/2016\/09\/doctor-examining-little-girl-by-stethoscope-300x200.jpg 300w, https:\/\/balsam-medica.pl\/wp-content\/uploads\/2016\/09\/doctor-examining-little-girl-by-stethoscope-768x512.jpg 768w, https:\/\/balsam-medica.pl\/wp-content\/uploads\/2016\/09\/doctor-examining-little-girl-by-stethoscope-580x387.jpg 580w, https:\/\/balsam-medica.pl\/wp-content\/uploads\/2016\/09\/doctor-examining-little-girl-by-stethoscope-860x574.jpg 860w\" sizes=\"auto, (max-width: 1000px) 100vw, 1000px\" \/><\/div><div class=\"cmsmasters_owl_slider_item cmsmasters_content_slider_item\"><img loading=\"lazy\" decoding=\"async\" width=\"1000\" height=\"667\" src=\"https:\/\/balsam-medica.pl\/wp-content\/uploads\/2016\/09\/scientist-medical-lab-coat-working-biotechnology-lab.jpg\" class=\"attachment-full size-full\" alt=\"\" srcset=\"https:\/\/balsam-medica.pl\/wp-content\/uploads\/2016\/09\/scientist-medical-lab-coat-working-biotechnology-lab.jpg 1000w, https:\/\/balsam-medica.pl\/wp-content\/uploads\/2016\/09\/scientist-medical-lab-coat-working-biotechnology-lab-300x200.jpg 300w, https:\/\/balsam-medica.pl\/wp-content\/uploads\/2016\/09\/scientist-medical-lab-coat-working-biotechnology-lab-768x512.jpg 768w, https:\/\/balsam-medica.pl\/wp-content\/uploads\/2016\/09\/scientist-medical-lab-coat-working-biotechnology-lab-580x387.jpg 580w, https:\/\/balsam-medica.pl\/wp-content\/uploads\/2016\/09\/scientist-medical-lab-coat-working-biotechnology-lab-860x574.jpg 860w\" sizes=\"auto, (max-width: 1000px) 100vw, 1000px\" \/><\/div><\/div>\n<\/div>\n<\/div><\/div>\n<div id=\"cmsmasters_column_b598bb73ec\" class=\"cmsmasters_column one_half\">\n<div class=\"cmsmasters_column_inner\"><div class=\"cmsmasters_toggles toggles_mode_accordion\">\n<div class=\"cmsmasters_toggle_wrap current_toggle\" data-tags=\"all \">\n<div class=\"cmsmasters_toggle_title\">\n<span class=\"cmsmasters_toggle_plus\">\n<span class=\"cmsmasters_toggle_plus_hor\"><\/span>\n<span class=\"cmsmasters_toggle_plus_vert\"><\/span>\n<\/span>\n<a href=\"#\">Kim jeste\u015bmy?<\/a>\n<\/div>\n<div class=\"cmsmasters_toggle\">\n<div class=\"cmsmasters_toggle_inner\">\n<p>Poradnia Balsam Medica powsta\u0142a z marze\u0144 i pasji dw\u00f3ch przyjaci\u00f3\u0142. Opr\u00f3cz wieloletniej przyja\u017ani, Paw\u0142a i Marcina wiele \u0142\u0105czy: od lat pracuj\u0105 w jednej Klinice, razem prowadz\u0105 badania naukowe, uczestnicz\u0105 w mi\u0119dzynarodowych kongresach kardiologicznych, rozwijaj\u0105 pokolenia nowych student\u00f3w medycyny. Przede wszystkim jednak \u0142\u0105czy ich prawdziwa troska o pacjenta i przekonanie, \u017ce nale\u017cy leczy\u0107 cz\u0142owieka, a nie jednostk\u0119 chorobow\u0105. Pragn\u0119li stworzy\u0107 miejsce, gdzie pacjent b\u0119dzie m\u00f3g\u0142 si\u0119 skonsultowa\u0107 z najlepszymi specjalistami, gdzie otrzyma odpowiedzi na swoje trudne pytania, gdzie lekarze wsp\u00f3lnie pochyl\u0105 si\u0119 na tym, aby wypracowa\u0107 dla niego najlepsz\u0105 \u015bcie\u017ck\u0119 terapeutyczn\u0105.<\/p>\n<p>Oto, kim jeste\u015bmy. Mo\u017cecie nam zaufa\u0107.<br \/>\nWitajcie w Balsam Medica.<\/p>\n<\/div>\n<\/div>\n<\/div><div class=\"cmsmasters_toggle_wrap\" data-tags=\"all \">\n<div class=\"cmsmasters_toggle_title\">\n<span class=\"cmsmasters_toggle_plus\">\n<span class=\"cmsmasters_toggle_plus_hor\"><\/span>\n<span class=\"cmsmasters_toggle_plus_vert\"><\/span>\n<\/span>\n<a href=\"#\">Nasze specjalizacje<\/a>\n<\/div>\n<div class=\"cmsmasters_toggle\">\n<div class=\"cmsmasters_toggle_inner\">\n<div class=\"menu-specjalizacje-container\"><ul id=\"menu-specjalizacje\" class=\"menu\"><li id=\"menu-item-14937\" class=\"menu-item menu-item-type-post_type menu-item-object-page menu-item-14937\"><a href=\"https:\/\/balsam-medica.pl\/pl\/diabetologia\/\">Diabetologia<\/a><\/li>\n<li id=\"menu-item-14938\" class=\"menu-item menu-item-type-post_type menu-item-object-page menu-item-14938\"><a href=\"https:\/\/balsam-medica.pl\/pl\/diagnostyka\/\">Diagnostyka<\/a><\/li>\n<li id=\"menu-item-15659\" class=\"menu-item menu-item-type-post_type menu-item-object-page menu-item-15659\"><a href=\"https:\/\/balsam-medica.pl\/pl\/dietetyka-2\/\">Dietetyka<\/a><\/li>\n<li id=\"menu-item-15714\" class=\"menu-item menu-item-type-post_type menu-item-object-page menu-item-15714\"><a href=\"https:\/\/balsam-medica.pl\/pl\/hematologa\/\">Hematologia<\/a><\/li>\n<li id=\"menu-item-15286\" class=\"menu-item menu-item-type-post_type menu-item-object-page menu-item-15286\"><a href=\"https:\/\/balsam-medica.pl\/pl\/hepatologia\/\">Hepatologia<\/a><\/li>\n<li id=\"menu-item-14944\" class=\"menu-item menu-item-type-post_type menu-item-object-page menu-item-14944\"><a href=\"https:\/\/balsam-medica.pl\/pl\/endokrynologia\/\">Endokrynologia<\/a><\/li>\n<li id=\"menu-item-15510\" class=\"menu-item menu-item-type-post_type menu-item-object-page menu-item-15510\"><a href=\"https:\/\/balsam-medica.pl\/pl\/pulmonologia\/\">Pulmonologia<\/a><\/li>\n<li id=\"menu-item-14948\" class=\"menu-item menu-item-type-post_type menu-item-object-page menu-item-14948\"><a href=\"https:\/\/balsam-medica.pl\/pl\/onkologia\/\">Onkologia<\/a><\/li>\n<li id=\"menu-item-14945\" class=\"menu-item menu-item-type-post_type menu-item-object-page menu-item-14945\"><a href=\"https:\/\/balsam-medica.pl\/pl\/kardiochirurgia\/\">Kardiochirurgia<\/a><\/li>\n<li id=\"menu-item-14939\" class=\"menu-item menu-item-type-post_type menu-item-object-page menu-item-14939\"><a href=\"https:\/\/balsam-medica.pl\/pl\/kardiologia\/\">Kardiologia<\/a><\/li>\n<li id=\"menu-item-14940\" class=\"menu-item menu-item-type-post_type menu-item-object-page menu-item-14940\"><a href=\"https:\/\/balsam-medica.pl\/pl\/kardiologia-dziecieca\/\">Kardiologia dzieci\u0119ca<\/a><\/li>\n<li id=\"menu-item-15522\" class=\"menu-item menu-item-type-post_type menu-item-object-page menu-item-15522\"><a href=\"https:\/\/balsam-medica.pl\/pl\/neurolog\/\">Neurolog dzieci\u0119cy<\/a><\/li>\n<li id=\"menu-item-15627\" class=\"menu-item menu-item-type-post_type menu-item-object-page menu-item-15627\"><a href=\"https:\/\/balsam-medica.pl\/pl\/neurologia\/\">Neurologia<\/a><\/li>\n<li id=\"menu-item-15644\" class=\"menu-item menu-item-type-post_type menu-item-object-page menu-item-15644\"><a href=\"https:\/\/balsam-medica.pl\/pl\/psychologia-2\/\">Psychologia<\/a><\/li>\n<\/ul><\/div>\n<\/div>\n<\/div>\n<\/div><\/div>\n<div id=\"cmsmasters_divider_d206f554db\" class=\"cl\"><\/div>\n<\/div><\/div>\n<\/div>\n<\/div>\n<\/div>\n<\/div>\n<\/div>\n\n","protected":false},"excerpt":{"rendered":"","protected":false},"author":1,"featured_media":0,"parent":0,"menu_order":0,"comment_status":"closed","ping_status":"closed","template":"","meta":{"footnotes":""},"class_list":["post-529","page","type-page","status-publish","hentry"],"_links":{"self":[{"href":"https:\/\/balsam-medica.pl\/pl\/wp-json\/wp\/v2\/pages\/529","targetHints":{"allow":["GET"]}}],"collection":[{"href":"https:\/\/balsam-medica.pl\/pl\/wp-json\/wp\/v2\/pages"}],"about":[{"href":"https:\/\/balsam-medica.pl\/pl\/wp-json\/wp\/v2\/types\/page"}],"author":[{"embeddable":true,"href":"https:\/\/balsam-medica.pl\/pl\/wp-json\/wp\/v2\/users\/1"}],"replies":[{"embeddable":true,"href":"https:\/\/balsam-medica.pl\/pl\/wp-json\/wp\/v2\/comments?post=529"}],"version-history":[{"count":33,"href":"https:\/\/balsam-medica.pl\/pl\/wp-json\/wp\/v2\/pages\/529\/revisions"}],"predecessor-version":[{"id":15530,"href":"https:\/\/balsam-medica.pl\/pl\/wp-json\/wp\/v2\/pages\/529\/revisions\/15530"}],"wp:attachment":[{"href":"https:\/\/balsam-medica.pl\/pl\/wp-json\/wp\/v2\/media?parent=529"}],"curies":[{"name":"wp","href":"https:\/\/api.w.org\/{rel}","templated":true}]}}