{"id":15700,"date":"2026-02-24T11:30:45","date_gmt":"2026-02-24T11:30:45","guid":{"rendered":"https:\/\/balsam-medica.pl\/pl\/?page_id=15700"},"modified":"2026-02-24T11:39:05","modified_gmt":"2026-02-24T11:39:05","slug":"hematologa","status":"publish","type":"page","link":"https:\/\/balsam-medica.pl\/pl\/hematologa\/","title":{"rendered":"Hematologia"},"content":{"rendered":"<div id=\"cmsmasters_row_834fbd06f9\" class=\"cmsmasters_row cmsmasters_color_scheme_default cmsmasters_row_top_default cmsmasters_row_bot_default cmsmasters_row_boxed\">\n<div class=\"cmsmasters_row_outer_parent\">\n<div class=\"cmsmasters_row_outer\">\n<div class=\"cmsmasters_row_inner\">\n<div class=\"cmsmasters_row_margin\">\n<div id=\"cmsmasters_column_901f4646bb\" class=\"cmsmasters_column one_first\">\n<div class=\"cmsmasters_column_inner\"><div class=\"aligncenter\"><div class=\"cmsmasters_img  cmsmasters_image_c\"><img decoding=\"async\" src=\"https:\/\/balsam-medica.pl\/wp-content\/uploads\/2026\/02\/Neurolog-Dzieciecy-2-1024x682.png\" \/><\/div><\/div><div id=\"cmsmasters_heading_494f3b0e33\" class=\"cmsmasters_heading_wrap cmsmasters_heading_align_left\">\n\t<h2 class=\"cmsmasters_heading\">Hematologia<\/h2>\n<\/div><div class=\"cmsmasters_text\">\n<p>Hematologia to specjalizacja medyczna zajmuj\u0105ca si\u0119 diagnostyk\u0105 i leczeniem chor\u00f3b krwi oraz uk\u0142adu krwiotw\u00f3rczego. Obejmuje schorzenia dotycz\u0105ce krwinek czerwonych, krwinek bia\u0142ych, p\u0142ytek krwi, a tak\u017ce zaburzenia krzepni\u0119cia. Hematolog diagnozuje i prowadzi leczenie m.in. niedokrwisto\u015bci, skaz krwotocznych, zaburze\u0144 krzepni\u0119cia, bia\u0142aczek, ch\u0142oniak\u00f3w oraz innych chor\u00f3b nowotworowych i nienowotworowych uk\u0142adu krwiotw\u00f3rczego.<\/p>\n<\/div>\n<\/div><\/div>\n<\/div>\n<\/div>\n<\/div>\n<\/div>\n<\/div>\n<div id=\"cmsmasters_row_412261098b\" class=\"cmsmasters_row cmsmasters_color_scheme_default cmsmasters_row_top_default cmsmasters_row_bot_default cmsmasters_row_boxed\">\n<div class=\"cmsmasters_row_outer_parent\">\n<div class=\"cmsmasters_row_outer\">\n<div class=\"cmsmasters_row_inner\">\n<div class=\"cmsmasters_row_margin\">\n<div id=\"cmsmasters_column_4a2d892c3a\" class=\"cmsmasters_column one_first\">\n<div class=\"cmsmasters_column_inner\">\n<div id=\"cmsmasters_divider_3a0d9af80b\" class=\"cmsmasters_divider cmsmasters_divider_width_long cmsmasters_divider_pos_center\"><\/div>\n<div id=\"cmsmasters_heading_a731ec9f45\" class=\"cmsmasters_heading_wrap cmsmasters_heading_align_left\">\n\t<h2 class=\"cmsmasters_heading\">Nasi hematolodzy<\/h2>\n<\/div>\n<\/div><\/div>\n<\/div>\n<\/div>\n<\/div>\n<\/div>\n<\/div>\n<div id=\"cmsmasters_row_47e3494600\" class=\"cmsmasters_row cmsmasters_color_scheme_default cmsmasters_row_top_default cmsmasters_row_bot_default cmsmasters_row_boxed\">\n<div class=\"cmsmasters_row_outer_parent\">\n<div class=\"cmsmasters_row_outer\">\n<div class=\"cmsmasters_row_inner\">\n<div class=\"cmsmasters_row_margin\">\n<div id=\"cmsmasters_column_b09a8cf340\" class=\"cmsmasters_column one_first\">\n<div class=\"cmsmasters_column_inner\">\n<div id=\"cmsmasters_profile_69da3da00fe69\" class=\"cmsmasters_profile horizontal\" data-animation=\"fadeIn\" data-delay=\"0\">\n<!-- Start Profile Horizontal Article -->\r\n<article id=\"post-15706\" class=\"cmsmasters_profile_horizontal one_third post-15706 profile type-profile status-publish has-post-thumbnail hentry pl-categs-choroby-wewnetrzne pl-categs-hematologia\">\r\n\t<div class=\"profile_outer\">\r\n\t<figure class=\"cmsmasters_img_wrap\"><a href=\"https:\/\/balsam-medica.pl\/pl\/profile\/lek-ewa-nita\/\" title=\"Lek. Ewa Nita\" class=\"cmsmasters_img_link\"><img loading=\"lazy\" decoding=\"async\" width=\"500\" height=\"500\" src=\"https:\/\/balsam-medica.pl\/wp-content\/uploads\/2026\/02\/PHOTO-2026-02-22-22-47-46-1-500x500.jpg\" class=\" wp-post-image\" alt=\"Lek. Ewa Nita\" title=\"PHOTO-2026-02-22-22-47-46 (1)\" srcset=\"https:\/\/balsam-medica.pl\/wp-content\/uploads\/2026\/02\/PHOTO-2026-02-22-22-47-46-1-500x500.jpg 500w, https:\/\/balsam-medica.pl\/wp-content\/uploads\/2026\/02\/PHOTO-2026-02-22-22-47-46-1-150x150.jpg 150w, https:\/\/balsam-medica.pl\/wp-content\/uploads\/2026\/02\/PHOTO-2026-02-22-22-47-46-1-65x65.jpg 65w\" sizes=\"auto, (max-width: 500px) 100vw, 500px\" \/><\/a><\/figure><div class=\"profile_inner\"><header class=\"cmsmasters_profile_header entry-header\"><h3 class=\"cmsmasters_profile_title entry-title\"><a href=\"https:\/\/balsam-medica.pl\/pl\/profile\/lek-ewa-nita\/\">Lek. Ewa Nita<\/a><\/h3><\/header><\/div>\t<\/div>\r\n<\/article>\r\n<!-- Finish Profile Horizontal Article -->\r\n\r\n<\/div>\n<\/div><\/div>\n<\/div>\n<\/div>\n<\/div>\n<\/div>\n<\/div>\n\n","protected":false},"excerpt":{"rendered":"","protected":false},"author":1,"featured_media":15703,"parent":0,"menu_order":0,"comment_status":"closed","ping_status":"closed","template":"","meta":{"footnotes":""},"class_list":["post-15700","page","type-page","status-publish","has-post-thumbnail","hentry"],"_links":{"self":[{"href":"https:\/\/balsam-medica.pl\/pl\/wp-json\/wp\/v2\/pages\/15700","targetHints":{"allow":["GET"]}}],"collection":[{"href":"https:\/\/balsam-medica.pl\/pl\/wp-json\/wp\/v2\/pages"}],"about":[{"href":"https:\/\/balsam-medica.pl\/pl\/wp-json\/wp\/v2\/types\/page"}],"author":[{"embeddable":true,"href":"https:\/\/balsam-medica.pl\/pl\/wp-json\/wp\/v2\/users\/1"}],"replies":[{"embeddable":true,"href":"https:\/\/balsam-medica.pl\/pl\/wp-json\/wp\/v2\/comments?post=15700"}],"version-history":[{"count":5,"href":"https:\/\/balsam-medica.pl\/pl\/wp-json\/wp\/v2\/pages\/15700\/revisions"}],"predecessor-version":[{"id":15712,"href":"https:\/\/balsam-medica.pl\/pl\/wp-json\/wp\/v2\/pages\/15700\/revisions\/15712"}],"wp:featuredmedia":[{"embeddable":true,"href":"https:\/\/balsam-medica.pl\/pl\/wp-json\/wp\/v2\/media\/15703"}],"wp:attachment":[{"href":"https:\/\/balsam-medica.pl\/pl\/wp-json\/wp\/v2\/media?parent=15700"}],"curies":[{"name":"wp","href":"https:\/\/api.w.org\/{rel}","templated":true}]}}