{"id":15512,"date":"2025-11-24T16:19:25","date_gmt":"2025-11-24T16:19:25","guid":{"rendered":"https:\/\/balsam-medica.pl\/pl\/?page_id=15512"},"modified":"2025-11-24T16:19:25","modified_gmt":"2025-11-24T16:19:25","slug":"neurolog","status":"publish","type":"page","link":"https:\/\/balsam-medica.pl\/pl\/neurolog\/","title":{"rendered":"Neurolog dzieci\u0119cy"},"content":{"rendered":"<div id=\"cmsmasters_row_834fbd06f9\" class=\"cmsmasters_row cmsmasters_color_scheme_default cmsmasters_row_top_default cmsmasters_row_bot_default cmsmasters_row_boxed\">\n<div class=\"cmsmasters_row_outer_parent\">\n<div class=\"cmsmasters_row_outer\">\n<div class=\"cmsmasters_row_inner\">\n<div class=\"cmsmasters_row_margin\">\n<div id=\"cmsmasters_column_901f4646bb\" class=\"cmsmasters_column one_first\">\n<div class=\"cmsmasters_column_inner\"><div class=\"aligncenter\"><div class=\"cmsmasters_img  cmsmasters_image_c\"><img decoding=\"async\" src=\"https:\/\/balsam-medica.pl\/wp-content\/uploads\/2025\/11\/Neurolog-Dzieciecy-1-1-1024x683.png\" \/><\/div><\/div><div id=\"cmsmasters_heading_494f3b0e33\" class=\"cmsmasters_heading_wrap cmsmasters_heading_align_left\">\n\t<h2 class=\"cmsmasters_heading\">Neurolog dzieci\u0119cy<\/h2>\n<\/div><div class=\"cmsmasters_text\">\n<p>Neurolodzy dzieci\u0119cy specjalizuj\u0105 si\u0119 w diagnostyce i leczeniu schorze\u0144 uk\u0142adu nerwowego u dzieci, zar\u00f3wno wrodzonych, jak i nabytych w kolejnych latach \u017cycia dziecka.<\/p>\n<\/div>\n<\/div><\/div>\n<\/div>\n<\/div>\n<\/div>\n<\/div>\n<\/div>\n<div id=\"cmsmasters_row_412261098b\" class=\"cmsmasters_row cmsmasters_color_scheme_default cmsmasters_row_top_default cmsmasters_row_bot_default cmsmasters_row_boxed\">\n<div class=\"cmsmasters_row_outer_parent\">\n<div class=\"cmsmasters_row_outer\">\n<div class=\"cmsmasters_row_inner\">\n<div class=\"cmsmasters_row_margin\">\n<div id=\"cmsmasters_column_4a2d892c3a\" class=\"cmsmasters_column one_first\">\n<div class=\"cmsmasters_column_inner\">\n<div id=\"cmsmasters_divider_3a0d9af80b\" class=\"cmsmasters_divider cmsmasters_divider_width_long cmsmasters_divider_pos_center\"><\/div>\n<div id=\"cmsmasters_heading_a731ec9f45\" class=\"cmsmasters_heading_wrap cmsmasters_heading_align_left\">\n\t<h2 class=\"cmsmasters_heading\">Nasi neurlodzy <\/h2>\n<\/div>\n<\/div><\/div>\n<\/div>\n<\/div>\n<\/div>\n<\/div>\n<\/div>\n<div id=\"cmsmasters_row_47e3494600\" class=\"cmsmasters_row cmsmasters_color_scheme_default cmsmasters_row_top_default cmsmasters_row_bot_default cmsmasters_row_boxed\">\n<div class=\"cmsmasters_row_outer_parent\">\n<div class=\"cmsmasters_row_outer\">\n<div class=\"cmsmasters_row_inner\">\n<div class=\"cmsmasters_row_margin\">\n<div id=\"cmsmasters_column_b09a8cf340\" class=\"cmsmasters_column one_first\">\n<div class=\"cmsmasters_column_inner\"><div id=\"cmsmasters_profile_69ecbf6bac4f3\" class=\"cmsmasters_profile horizontal\" data-animation=\"fadeIn\" data-delay=\"0\">\n<!-- Start Profile Horizontal Article -->\r\n<article id=\"post-15368\" class=\"cmsmasters_profile_horizontal one_third post-15368 profile type-profile status-publish has-post-thumbnail hentry pl-categs-neurologia\">\r\n\t<div class=\"profile_outer\">\r\n\t<figure class=\"cmsmasters_img_wrap\"><a href=\"https:\/\/balsam-medica.pl\/pl\/profile\/lek-katarzyna-fedorczyk\/\" title=\"lek. Katarzyna Fedorczyk\" class=\"cmsmasters_img_link\"><img loading=\"lazy\" decoding=\"async\" width=\"398\" height=\"398\" src=\"https:\/\/balsam-medica.pl\/wp-content\/uploads\/2025\/04\/Katarzyna-Fedorczyk-.jpg\" class=\" wp-post-image\" alt=\"lek. Katarzyna Fedorczyk\" title=\"Katarzyna Fedorczyk\" srcset=\"https:\/\/balsam-medica.pl\/wp-content\/uploads\/2025\/04\/Katarzyna-Fedorczyk-.jpg 398w, https:\/\/balsam-medica.pl\/wp-content\/uploads\/2025\/04\/Katarzyna-Fedorczyk--300x300.jpg 300w, https:\/\/balsam-medica.pl\/wp-content\/uploads\/2025\/04\/Katarzyna-Fedorczyk--150x150.jpg 150w, https:\/\/balsam-medica.pl\/wp-content\/uploads\/2025\/04\/Katarzyna-Fedorczyk--65x65.jpg 65w\" sizes=\"auto, (max-width: 398px) 100vw, 398px\" \/><\/a><\/figure><div class=\"profile_inner\"><header class=\"cmsmasters_profile_header entry-header\"><h3 class=\"cmsmasters_profile_title entry-title\"><a href=\"https:\/\/balsam-medica.pl\/pl\/profile\/lek-katarzyna-fedorczyk\/\">lek. Katarzyna Fedorczyk<\/a><\/h3><\/header><\/div>\t<\/div>\r\n<\/article>\r\n<!-- Finish Profile Horizontal Article -->\r\n\r\n<!-- Start Profile Horizontal Article -->\r\n<article id=\"post-15613\" class=\"cmsmasters_profile_horizontal one_third post-15613 profile type-profile status-publish has-post-thumbnail hentry pl-categs-neurologia\">\r\n\t<div class=\"profile_outer\">\r\n\t<figure class=\"cmsmasters_img_wrap\"><a href=\"https:\/\/balsam-medica.pl\/pl\/profile\/dr-kamil-ludwiniak\/\" title=\"Dr Kamil Ludwiniak\" class=\"cmsmasters_img_link\"><img loading=\"lazy\" decoding=\"async\" width=\"500\" height=\"500\" src=\"https:\/\/balsam-medica.pl\/wp-content\/uploads\/2026\/02\/DSC_7595-1-500x500.jpg\" class=\" wp-post-image\" alt=\"Dr Kamil Ludwiniak\" title=\"DSC_7595 (1)\" srcset=\"https:\/\/balsam-medica.pl\/wp-content\/uploads\/2026\/02\/DSC_7595-1-500x500.jpg 500w, https:\/\/balsam-medica.pl\/wp-content\/uploads\/2026\/02\/DSC_7595-1-150x150.jpg 150w, https:\/\/balsam-medica.pl\/wp-content\/uploads\/2026\/02\/DSC_7595-1-65x65.jpg 65w\" sizes=\"auto, (max-width: 500px) 100vw, 500px\" \/><\/a><\/figure><div class=\"profile_inner\"><header class=\"cmsmasters_profile_header entry-header\"><h3 class=\"cmsmasters_profile_title entry-title\"><a href=\"https:\/\/balsam-medica.pl\/pl\/profile\/dr-kamil-ludwiniak\/\">Dr Kamil Ludwiniak<\/a><\/h3><\/header><\/div>\t<\/div>\r\n<\/article>\r\n<!-- Finish Profile Horizontal Article -->\r\n\r\n<\/div>\n<\/div><\/div>\n<\/div>\n<\/div>\n<\/div>\n<\/div>\n<\/div>\n\n","protected":false},"excerpt":{"rendered":"","protected":false},"author":1,"featured_media":15517,"parent":0,"menu_order":0,"comment_status":"closed","ping_status":"closed","template":"","meta":{"footnotes":""},"class_list":["post-15512","page","type-page","status-publish","has-post-thumbnail","hentry"],"_links":{"self":[{"href":"https:\/\/balsam-medica.pl\/pl\/wp-json\/wp\/v2\/pages\/15512","targetHints":{"allow":["GET"]}}],"collection":[{"href":"https:\/\/balsam-medica.pl\/pl\/wp-json\/wp\/v2\/pages"}],"about":[{"href":"https:\/\/balsam-medica.pl\/pl\/wp-json\/wp\/v2\/types\/page"}],"author":[{"embeddable":true,"href":"https:\/\/balsam-medica.pl\/pl\/wp-json\/wp\/v2\/users\/1"}],"replies":[{"embeddable":true,"href":"https:\/\/balsam-medica.pl\/pl\/wp-json\/wp\/v2\/comments?post=15512"}],"version-history":[{"count":3,"href":"https:\/\/balsam-medica.pl\/pl\/wp-json\/wp\/v2\/pages\/15512\/revisions"}],"predecessor-version":[{"id":15519,"href":"https:\/\/balsam-medica.pl\/pl\/wp-json\/wp\/v2\/pages\/15512\/revisions\/15519"}],"wp:featuredmedia":[{"embeddable":true,"href":"https:\/\/balsam-medica.pl\/pl\/wp-json\/wp\/v2\/media\/15517"}],"wp:attachment":[{"href":"https:\/\/balsam-medica.pl\/pl\/wp-json\/wp\/v2\/media?parent=15512"}],"curies":[{"name":"wp","href":"https:\/\/api.w.org\/{rel}","templated":true}]}}