{"id":15485,"date":"2025-11-23T16:19:10","date_gmt":"2025-11-23T16:19:10","guid":{"rendered":"https:\/\/balsam-medica.pl\/pl\/?page_id=15485"},"modified":"2025-12-03T14:06:23","modified_gmt":"2025-12-03T14:06:23","slug":"badania-kliniczne","status":"publish","type":"page","link":"https:\/\/balsam-medica.pl\/pl\/badania-kliniczne\/","title":{"rendered":"Badania Kliniczne"},"content":{"rendered":"<div id=\"cmsmasters_row_2ew1duqgmb\" class=\"cmsmasters_row cmsmasters_color_scheme_default cmsmasters_row_top_default cmsmasters_row_bot_default cmsmasters_row_fullwidth\">\n<div class=\"cmsmasters_row_outer_parent\">\n<div class=\"cmsmasters_row_outer\">\n<div class=\"cmsmasters_row_inner cmsmasters_row_fullwidth\">\n<div class=\"cmsmasters_row_margin\">\n<div id=\"cmsmasters_column_iffzaut8bf\" class=\"cmsmasters_column one_first\">\n<div class=\"cmsmasters_column_inner\">\n<div class=\"cmsmasters_slider\">\n\t\t\t<!-- START slider About Us REVOLUTION SLIDER 6.6.15 --><p class=\"rs-p-wp-fix\"><\/p>\n\t\t\t<rs-module-wrap id=\"rev_slider_3_1_wrapper\" data-source=\"gallery\" style=\"visibility:hidden;background:transparent;padding:0;margin:0px auto;margin-top:0;margin-bottom:0;\">\n\t\t\t\t<rs-module id=\"rev_slider_3_1\" style=\"\" data-version=\"6.6.15\">\n\t\t\t\t\t<rs-slides style=\"overflow: hidden; position: absolute;\">\n\t\t\t\t\t\t<rs-slide style=\"position: absolute;\" data-key=\"rs-12\" data-title=\"Slide\" data-in=\"o:0;\" data-out=\"a:false;\">\n\t\t\t\t\t\t\t<img decoding=\"async\" src=\"\/\/balsam-medica.pl\/wp-content\/plugins\/revslider\/public\/assets\/assets\/dummy.png\" alt=\"Slide\" title=\"Portrait of smiling doctor in white uniform standing with crossed hands on grey background\" width=\"2560\" height=\"1706\" class=\"rev-slidebg tp-rs-img rs-lazyload\" data-lazyload=\"\/\/balsam-medica.pl\/wp-content\/plugins\/revslider\/public\/assets\/assets\/transparent.png\" data-bg=\"p:right top;c:linear-gradient(rgba(52,59,66,1) 0%, rgba(92,111,117,1) 100%);\" data-no-retina>\n<!--\n\t\t\t\t\t\t\t--><rs-layer\n\t\t\t\t\t\t\t\tid=\"slider-3-slide-12-layer-0\" \n\t\t\t\t\t\t\t\tdata-type=\"image\"\n\t\t\t\t\t\t\t\tdata-rsp_ch=\"on\"\n\t\t\t\t\t\t\t\tdata-xy=\"xo:11px,11px,11px,1px;yo:-131px,-131px,-131px,-32px;\"\n\t\t\t\t\t\t\t\tdata-text=\"w:normal;s:20,20,20,4;l:0,0,0,6;\"\n\t\t\t\t\t\t\t\tdata-dim=\"w:1920px,1920px,1920px,480px;h:1280px,1280px,1280px,319px;\"\n\t\t\t\t\t\t\t\tdata-frame_1=\"sp:1040;\"\n\t\t\t\t\t\t\t\tdata-frame_999=\"o:0;st:w;sR:1960;\"\n\t\t\t\t\t\t\t\tstyle=\"z-index:6;\"\n\t\t\t\t\t\t\t><img decoding=\"async\" src=\"\/\/balsam-medica.pl\/wp-content\/plugins\/revslider\/public\/assets\/assets\/dummy.png\" alt=\"\" class=\"tp-rs-img rs-lazyload\" width=\"2560\" height=\"1707\" data-lazyload=\"\/\/balsam-medica.pl\/wp-content\/uploads\/2023\/10\/IMG_8710-2-kopia-scaled.jpg\" data-no-retina> \n\t\t\t\t\t\t\t<\/rs-layer><!--\n\n\t\t\t\t\t\t\t--><rs-layer\n\t\t\t\t\t\t\t\tid=\"slider-3-slide-12-layer-1\" \n\t\t\t\t\t\t\t\tdata-type=\"text\"\n\t\t\t\t\t\t\t\tdata-rsp_ch=\"on\"\n\t\t\t\t\t\t\t\tdata-xy=\"xo:111px,111px,111px,9px;yo:300px,300px,300px,88px;\"\n\t\t\t\t\t\t\t\tdata-text=\"w:normal;s:27,27,27,16;l:31,31,31,22;\"\n\t\t\t\t\t\t\t\tdata-dim=\"w:414,414,414,139px;\"\n\t\t\t\t\t\t\t\tdata-frame_1=\"e:power2.inOut;st:500;sR:500;\"\n\t\t\t\t\t\t\t\tdata-frame_999=\"o:0;e:nothing;st:w;sR:2200;\"\n\t\t\t\t\t\t\t\tstyle=\"z-index:8;font-family:'Open Sans';\"\n\t\t\t\t\t\t\t>W Balsam Medica spotkasz najlepszych specjalist\u00f3w, \nkt\u00f3rzy wsp\u00f3lnie wypracuj\u0105 dla Ciebie najlepsze opcje terapeutyczne. \n<br \/><br \/>\nMo\u017cesz nam zaufa\u0107. \n\t\t\t\t\t\t\t<\/rs-layer><!--\n\n\t\t\t\t\t\t\t--><h1\n\t\t\t\t\t\t\t\tid=\"slider-3-slide-12-layer-2\" \n\t\t\t\t\t\t\t\tclass=\"rs-layer\"\n\t\t\t\t\t\t\t\tdata-type=\"text\"\n\t\t\t\t\t\t\t\tdata-rsp_ch=\"on\"\n\t\t\t\t\t\t\t\tdata-xy=\"xo:115px,115px,115px,9px;yo:222px,222px,222px,88px;\"\n\t\t\t\t\t\t\t\tdata-text=\"w:nowrap,nowrap,nowrap,normal;s:51,51,51,16;l:59,59,59,22;\"\n\t\t\t\t\t\t\t\tdata-dim=\"w:413,413,413,139px;h:84,84,84,auto;\"\n\t\t\t\t\t\t\t\tdata-frame_1=\"e:power2.inOut;st:500;sR:500;\"\n\t\t\t\t\t\t\t\tdata-frame_999=\"o:0;e:nothing;st:w;sR:2200;\"\n\t\t\t\t\t\t\t\tstyle=\"z-index:7;font-family:'Open Sans';\"\n\t\t\t\t\t\t\t>O naszej klinice \n\t\t\t\t\t\t\t<\/h1><!--\n-->\t\t\t\t\t\t<\/rs-slide>\n\t\t\t\t\t<\/rs-slides>\n\t\t\t\t\t<rs-static-layers><!--\n\t\t\t\t\t--><\/rs-static-layers>\n\t\t\t\t<\/rs-module>\n\t\t\t\t<script>\n\t\t\t\t\tsetREVStartSize({c: 'rev_slider_3_1',rl:[1240,1240,1240,480],el:[720,720,720,260],gw:[1920,1920,1920,480],gh:[720,720,720,260],type:'standard',justify:'',layout:'fullwidth',mh:\"0\"});if (window.RS_MODULES!==undefined && window.RS_MODULES.modules!==undefined && window.RS_MODULES.modules[\"revslider31\"]!==undefined) {window.RS_MODULES.modules[\"revslider31\"].once = false;window.revapi3 = undefined;if (window.RS_MODULES.checkMinimal!==undefined) window.RS_MODULES.checkMinimal()}\n\t\t\t\t<\/script>\n\t\t\t<\/rs-module-wrap>\n\t\t\t<!-- END REVOLUTION SLIDER -->\n<\/div>\n<\/div><\/div>\n<\/div>\n<\/div>\n<\/div>\n<\/div>\n<\/div>\n<div id=\"cmsmasters_row_7c1c11db73\" class=\"cmsmasters_row cmsmasters_color_scheme_default cmsmasters_row_top_default cmsmasters_row_bot_default cmsmasters_row_boxed\">\n<div class=\"cmsmasters_row_outer_parent\">\n<div class=\"cmsmasters_row_outer\">\n<div class=\"cmsmasters_row_inner\">\n<div class=\"cmsmasters_row_margin\">\n<div id=\"cmsmasters_column_18105c8427\" class=\"cmsmasters_column one_half\">\n<div class=\"cmsmasters_column_inner\"><div class=\"cmsmasters_content_slider_wrap\" style=\"max-width:px;\"><div id=\"cmsmasters_slider_466a37b5db\" class=\"cmsmasters_owl_slider owl-carousel cmsmasters_content_slider\" data-auto-play=\"5000\" data-stop-on-hover=\"true\" data-rewind-nav=\"false\" data-slide-speed=\"750\" data-pagination-speed=\"750\" data-rewind-speed=\"1000\" data-transition-style=\"fade\" data-pagination=\"false\" data-navigation=\"true\" data-navigation-prev=\"<span><\/span>\" data-navigation-next=\"<span><\/span>\"><div class=\"cmsmasters_owl_slider_item cmsmasters_content_slider_item\"><img loading=\"lazy\" decoding=\"async\" width=\"1500\" height=\"691\" src=\"https:\/\/balsam-medica.pl\/wp-content\/uploads\/2023\/09\/healthcare-people-group.jpg\" class=\"attachment-full size-full\" alt=\"\" srcset=\"https:\/\/balsam-medica.pl\/wp-content\/uploads\/2023\/09\/healthcare-people-group.jpg 1500w, https:\/\/balsam-medica.pl\/wp-content\/uploads\/2023\/09\/healthcare-people-group-300x138.jpg 300w, https:\/\/balsam-medica.pl\/wp-content\/uploads\/2023\/09\/healthcare-people-group-1024x472.jpg 1024w, https:\/\/balsam-medica.pl\/wp-content\/uploads\/2023\/09\/healthcare-people-group-768x354.jpg 768w, https:\/\/balsam-medica.pl\/wp-content\/uploads\/2023\/09\/healthcare-people-group-580x267.jpg 580w, https:\/\/balsam-medica.pl\/wp-content\/uploads\/2023\/09\/healthcare-people-group-860x396.jpg 860w, https:\/\/balsam-medica.pl\/wp-content\/uploads\/2023\/09\/healthcare-people-group-1160x534.jpg 1160w, https:\/\/balsam-medica.pl\/wp-content\/uploads\/2023\/09\/healthcare-people-group-1320x608.jpg 1320w\" sizes=\"auto, (max-width: 1500px) 100vw, 1500px\" \/><\/div><div class=\"cmsmasters_owl_slider_item cmsmasters_content_slider_item\"><img loading=\"lazy\" decoding=\"async\" width=\"1000\" height=\"667\" src=\"https:\/\/balsam-medica.pl\/wp-content\/uploads\/2016\/09\/serious-operation-darkness.jpg\" class=\"attachment-full size-full\" alt=\"\" srcset=\"https:\/\/balsam-medica.pl\/wp-content\/uploads\/2016\/09\/serious-operation-darkness.jpg 1000w, https:\/\/balsam-medica.pl\/wp-content\/uploads\/2016\/09\/serious-operation-darkness-300x200.jpg 300w, https:\/\/balsam-medica.pl\/wp-content\/uploads\/2016\/09\/serious-operation-darkness-768x512.jpg 768w, https:\/\/balsam-medica.pl\/wp-content\/uploads\/2016\/09\/serious-operation-darkness-580x387.jpg 580w, https:\/\/balsam-medica.pl\/wp-content\/uploads\/2016\/09\/serious-operation-darkness-860x574.jpg 860w\" sizes=\"auto, (max-width: 1000px) 100vw, 1000px\" \/><\/div><div class=\"cmsmasters_owl_slider_item cmsmasters_content_slider_item\"><img loading=\"lazy\" decoding=\"async\" width=\"1000\" height=\"667\" src=\"https:\/\/balsam-medica.pl\/wp-content\/uploads\/2016\/09\/scientist-medical-lab-coat-working-biotechnology-lab.jpg\" class=\"attachment-full size-full\" alt=\"\" srcset=\"https:\/\/balsam-medica.pl\/wp-content\/uploads\/2016\/09\/scientist-medical-lab-coat-working-biotechnology-lab.jpg 1000w, https:\/\/balsam-medica.pl\/wp-content\/uploads\/2016\/09\/scientist-medical-lab-coat-working-biotechnology-lab-300x200.jpg 300w, https:\/\/balsam-medica.pl\/wp-content\/uploads\/2016\/09\/scientist-medical-lab-coat-working-biotechnology-lab-768x512.jpg 768w, https:\/\/balsam-medica.pl\/wp-content\/uploads\/2016\/09\/scientist-medical-lab-coat-working-biotechnology-lab-580x387.jpg 580w, https:\/\/balsam-medica.pl\/wp-content\/uploads\/2016\/09\/scientist-medical-lab-coat-working-biotechnology-lab-860x574.jpg 860w\" sizes=\"auto, (max-width: 1000px) 100vw, 1000px\" \/><\/div><\/div>\n<\/div>\n<\/div><\/div>\n<div id=\"cmsmasters_column_b598bb73ec\" class=\"cmsmasters_column one_half\">\n<div class=\"cmsmasters_column_inner\"><div class=\"cmsmasters_text\">\n<h2><strong>Badania kliniczne \u2013 zapraszamy do wsp\u00f3\u0142pracy<\/strong><\/h2>\n<p><strong>Balsam-Medica<\/strong>\u00a0to nowoczesny, dynamicznie rozwijaj\u0105cy si\u0119 o\u015brodek medyczny specjalizuj\u0105cy si\u0119 w prowadzeniu\u00a0<strong>bada\u0144 klinicznych<\/strong>. Poszukujemy partner\u00f3w \u2013\u00a0<strong>firm farmaceutycznych, biotechnologicznych oraz CRO<\/strong>\u00a0\u2013 zainteresowanych realizacj\u0105 projekt\u00f3w badawczych w profesjonalnym, do\u015bwiadczonym i \u015bwietnie przygotowanym centrum.<\/p>\n<\/div>\n<\/div><\/div>\n<\/div>\n<\/div>\n<\/div>\n<\/div>\n<\/div>\n<div id=\"cmsmasters_row_qfeai98wm\" class=\"cmsmasters_row cmsmasters_color_scheme_default cmsmasters_row_top_default cmsmasters_row_bot_default cmsmasters_row_boxed\">\n<div class=\"cmsmasters_row_outer_parent\">\n<div class=\"cmsmasters_row_outer\">\n<div class=\"cmsmasters_row_inner\">\n<div class=\"cmsmasters_row_margin\">\n<div id=\"cmsmasters_column_lguzn6apr3\" class=\"cmsmasters_column one_first\">\n<div class=\"cmsmasters_column_inner\"><div class=\"cmsmasters_toggles toggles_mode_accordion\">\n<div class=\"cmsmasters_toggle_wrap current_toggle\" data-tags=\"all \">\n<div class=\"cmsmasters_toggle_title\">\n<span class=\"cmsmasters_toggle_plus\">\n<span class=\"cmsmasters_toggle_plus_hor\"><\/span>\n<span class=\"cmsmasters_toggle_plus_vert\"><\/span>\n<\/span>\n<a href=\"#\">Nasze atuty<\/a>\n<\/div>\n<div class=\"cmsmasters_toggle\">\n<div class=\"cmsmasters_toggle_inner\">\n<p><strong>\u2022 Do\u015bwiadczony zesp\u00f3\u0142<\/strong><br \/>\nWykwalifikowani lekarze, piel\u0119gniarki oraz koordynatorzy bada\u0144 z wieloletni\u0105 praktyk\u0105 w prowadzeniu bada\u0144 zgodnie z zasadami GCP.<\/p>\n<p><strong>\u2022 Nowoczesna infrastruktura diagnostyczna<\/strong><br \/>\nUSG, EKG, spirometria, laboratoria, pracownie bada\u0144 specjalistycznych oraz szeroka opieka specjalistyczna dost\u0119pna na miejscu.<\/p>\n<p><strong>\u2022 Skuteczna rekrutacja pacjent\u00f3w<\/strong><br \/>\nDzi\u0119ki du\u017cej bazie konsultacji ambulatoryjnych zapewniamy szybki i efektywny proces w\u0142\u0105czania uczestnik\u00f3w do bada\u0144.<\/p>\n<p><strong>\u2022 Elastyczno\u015b\u0107 i sprawna organizacja<\/strong><br \/>\nMo\u017cliwo\u015b\u0107 szybkiego rozpocz\u0119cia nowych projekt\u00f3w, wysoka responsywno\u015b\u0107 i indywidualne podej\u015bcie do potrzeb sponsora.<\/p>\n<\/div>\n<\/div>\n<\/div><div class=\"cmsmasters_toggle_wrap\" data-tags=\"all \">\n<div class=\"cmsmasters_toggle_title\">\n<span class=\"cmsmasters_toggle_plus\">\n<span class=\"cmsmasters_toggle_plus_hor\"><\/span>\n<span class=\"cmsmasters_toggle_plus_vert\"><\/span>\n<\/span>\n<a href=\"#\">Dlaczego my?<\/a>\n<\/div>\n<div class=\"cmsmasters_toggle\">\n<div class=\"cmsmasters_toggle_inner\">\n<p>Stawiamy na\u00a0<strong>rzetelno\u015b\u0107, terminowo\u015b\u0107 i najwy\u017csz\u0105 jako\u015b\u0107 danych<\/strong>, co czyni nas wiarygodnym partnerem w realizacji bada\u0144 \u2013 zar\u00f3wno\u00a0<strong>wczesnych faz<\/strong>, jak i\u00a0<strong>bada\u0144 p\u00f3\u017anych<\/strong>.<\/p>\n<\/div>\n<\/div>\n<\/div><div class=\"cmsmasters_toggle_wrap\" data-tags=\"all \">\n<div class=\"cmsmasters_toggle_title\">\n<span class=\"cmsmasters_toggle_plus\">\n<span class=\"cmsmasters_toggle_plus_hor\"><\/span>\n<span class=\"cmsmasters_toggle_plus_vert\"><\/span>\n<\/span>\n<a href=\"#\">Kontakt<\/a>\n<\/div>\n<div class=\"cmsmasters_toggle\">\n<div class=\"cmsmasters_toggle_inner\">\n<p><strong>mail:<\/strong> rekrutacja@balsam-medica.pl<\/p>\n<\/div>\n<\/div>\n<\/div><\/div>\n<div id=\"cmsmasters_divider_3wvaf7srse\" class=\"cl\"><\/div>\n<\/div><\/div>\n<\/div>\n<\/div>\n<\/div>\n<\/div>\n<\/div>\n\n","protected":false},"excerpt":{"rendered":"","protected":false},"author":1,"featured_media":0,"parent":0,"menu_order":0,"comment_status":"closed","ping_status":"closed","template":"","meta":{"footnotes":""},"class_list":["post-15485","page","type-page","status-publish","hentry"],"_links":{"self":[{"href":"https:\/\/balsam-medica.pl\/pl\/wp-json\/wp\/v2\/pages\/15485","targetHints":{"allow":["GET"]}}],"collection":[{"href":"https:\/\/balsam-medica.pl\/pl\/wp-json\/wp\/v2\/pages"}],"about":[{"href":"https:\/\/balsam-medica.pl\/pl\/wp-json\/wp\/v2\/types\/page"}],"author":[{"embeddable":true,"href":"https:\/\/balsam-medica.pl\/pl\/wp-json\/wp\/v2\/users\/1"}],"replies":[{"embeddable":true,"href":"https:\/\/balsam-medica.pl\/pl\/wp-json\/wp\/v2\/comments?post=15485"}],"version-history":[{"count":7,"href":"https:\/\/balsam-medica.pl\/pl\/wp-json\/wp\/v2\/pages\/15485\/revisions"}],"predecessor-version":[{"id":15548,"href":"https:\/\/balsam-medica.pl\/pl\/wp-json\/wp\/v2\/pages\/15485\/revisions\/15548"}],"wp:attachment":[{"href":"https:\/\/balsam-medica.pl\/pl\/wp-json\/wp\/v2\/media?parent=15485"}],"curies":[{"name":"wp","href":"https:\/\/api.w.org\/{rel}","templated":true}]}}