{"id":15255,"date":"2024-02-21T20:19:50","date_gmt":"2024-02-21T20:19:50","guid":{"rendered":"https:\/\/balsam-medica.pl\/pl\/?page_id=15255"},"modified":"2024-10-14T15:31:54","modified_gmt":"2024-10-14T15:31:54","slug":"ultrasonografia","status":"publish","type":"page","link":"https:\/\/balsam-medica.pl\/pl\/diagnostyka\/ultrasonografia\/","title":{"rendered":"Ultrasonografia"},"content":{"rendered":"<div id=\"cmsmasters_row_d579d305f3\" class=\"cmsmasters_row cmsmasters_color_scheme_default cmsmasters_row_top_default cmsmasters_row_bot_default cmsmasters_row_boxed\">\n<div class=\"cmsmasters_row_outer_parent\">\n<div class=\"cmsmasters_row_overlay\"><\/div>\n<div class=\"cmsmasters_row_outer\">\n<div class=\"cmsmasters_row_inner\">\n<div class=\"cmsmasters_row_margin\">\n<div id=\"cmsmasters_column_cfb1967824\" class=\"cmsmasters_column one_half\">\n<div class=\"cmsmasters_column_inner\"><div id=\"cmsmasters_heading_d455c4ac5a\" class=\"cmsmasters_heading_wrap cmsmasters_heading_align_left\">\n\t<h1 class=\"cmsmasters_heading\">Ultrasonografia<\/h1>\n<\/div><div class=\"cmsmasters_text\">\n<p><\/p>\n<\/div>\n<\/div><\/div>\n<div id=\"cmsmasters_column_8d0c511936\" class=\"cmsmasters_column one_half\">\n<div class=\"cmsmasters_column_inner\"><\/div><\/div>\n<\/div>\n<\/div>\n<\/div>\n<\/div>\n<\/div>\n<div id=\"cmsmasters_row_218uirvs8c\" class=\"cmsmasters_row cmsmasters_color_scheme_default cmsmasters_row_top_default cmsmasters_row_bot_default cmsmasters_row_boxed\">\n<div class=\"cmsmasters_row_outer_parent\">\n<div class=\"cmsmasters_row_outer\">\n<div class=\"cmsmasters_row_inner\">\n<div class=\"cmsmasters_row_margin\">\n<div id=\"cmsmasters_column_a1kz7amqb8\" class=\"cmsmasters_column one_first\">\n<div class=\"cmsmasters_column_inner\">\n<div id=\"cmsmasters_divider_eiy4tmeey\" class=\"cmsmasters_divider cmsmasters_divider_width_long cmsmasters_divider_pos_center\"><\/div>\n<div class=\"cmsmasters_text\">\n<h2>Badanie USG &#8211; co to?<\/h2>\n<p>USG jest jednym z najskuteczniejszych, najszybszych i najmniej inwazyjnych bada\u0144 z zakresu diagnostyki obrazowej. Badaniu mo\u017cna podda\u0107 niemal ka\u017cdy obszar cia\u0142a, bez wi\u0119kszego przygotowania.<\/p>\n<h2>W naszej klinice oferujemy badania<\/h2>\n<ul>\n<li>USG t\u0119tnic szyjnych<\/li>\n<li>USG t\u0119tnic ko\u0144czyn dolnych<\/li>\n<li>USG jamy brzusznej (w\u0105troba, nerki, trzustka, p\u0119cherzyk \u017c\u00f3\u0142ciowy)<\/li>\n<li>USG jamy brzusznej z Doppler \u2013 ocena aorty i t\u0119tnic nerkowych<\/li>\n<li>USG ortopedyczne &#8211; usg staw\u00f3w kolanowych, \u0142okciowych, biodrowych, barkowych<\/li>\n<\/ul>\n<h2>Przygotowanie do bada\u0144 USG t\u0119tnic szyjnych, t\u0119tnic ko\u0144czyn dolnych, piersi oraz tarczycy<\/h2>\n<ul>\n<li>nale\u017cy przynie\u015b\u0107 dokumentacj\u0119 poprzednich wynik\u00f3w badania USG z podobnego obszaru (je\u017celi taka by\u0142a)<\/li>\n<li>nie nale\u017cy aplikowa\u0107 na ko\u0144czyny jakichkolwiek kosmetyk\u00f3w.<\/li>\n<\/ul>\n<h2>Przygotowanie do badania USG jamy brzusznej<\/h2>\n<ul>\n<li>dzie\u0144 przed badaniem zalecana jest dieta lekkostrawna<\/li>\n<li>zalecane jest przyj\u0119cie \u015brodk\u00f3w eliminuj\u0105cych wzd\u0119cia np. Espumisan \/ Esputicon lub w\u0119giel medyczny, dawkowanie zgodnie z do\u0142\u0105czon\u0105 ulotk\u0105<\/li>\n<li>gdy badanie b\u0119dzie przeprowadzone przed po\u0142udniem nale\u017cy pozosta\u0107 na czczo (prosimy r\u00f3wnie\u017c nie pali\u0107, nie \u017cu\u0107 gumy, nie pi\u0107 kawy)<\/li>\n<li>gdy badanie ma odby\u0107 si\u0119 po po\u0142udniu prosimy nie je\u015b\u0107 i nie pi\u0107 (szczeg\u00f3lnie gazowanych napoj\u00f3w i kawy) minimum 5 godzin przed badaniem. Dopuszczalne jest picie wody niegazowanej<\/li>\n<li>niezb\u0119dne leki nale\u017cy przyj\u0105\u0107 o zwyk\u0142ej porze<\/li>\n<li>p\u0119cherz moczowy do badania mo\u017ce by\u0107 wypelniony<\/li>\n<\/ul>\n<p>Niew\u0142a\u015bciwe stosowanie si\u0119 do zalece\u0144 lub brak przygotowania do badania USG mo\u017ce skutkowa\u0107 niew\u0142a\u015bciwym obrazem narz\u0105d\u00f3w wewn\u0119trznych, w niekt\u00f3rych przypadkach niemo\u017cliwo\u015bci\u0105 przeprowadzenia badania. W takiej sytuacji specjalista mo\u017ce niewykona\u0107 badania oraz zaproponowa\u0107 inny termin po dok\u0142adniejszym przygotowaniu si\u0119 przez Pacjenta.<\/p>\n<\/div>\n<\/div><\/div>\n<\/div>\n<\/div>\n<\/div>\n<\/div>\n<\/div>\n\n","protected":false},"excerpt":{"rendered":"","protected":false},"author":1,"featured_media":0,"parent":14929,"menu_order":0,"comment_status":"closed","ping_status":"closed","template":"","meta":{"footnotes":""},"class_list":["post-15255","page","type-page","status-publish","hentry"],"_links":{"self":[{"href":"https:\/\/balsam-medica.pl\/pl\/wp-json\/wp\/v2\/pages\/15255","targetHints":{"allow":["GET"]}}],"collection":[{"href":"https:\/\/balsam-medica.pl\/pl\/wp-json\/wp\/v2\/pages"}],"about":[{"href":"https:\/\/balsam-medica.pl\/pl\/wp-json\/wp\/v2\/types\/page"}],"author":[{"embeddable":true,"href":"https:\/\/balsam-medica.pl\/pl\/wp-json\/wp\/v2\/users\/1"}],"replies":[{"embeddable":true,"href":"https:\/\/balsam-medica.pl\/pl\/wp-json\/wp\/v2\/comments?post=15255"}],"version-history":[{"count":2,"href":"https:\/\/balsam-medica.pl\/pl\/wp-json\/wp\/v2\/pages\/15255\/revisions"}],"predecessor-version":[{"id":15324,"href":"https:\/\/balsam-medica.pl\/pl\/wp-json\/wp\/v2\/pages\/15255\/revisions\/15324"}],"up":[{"embeddable":true,"href":"https:\/\/balsam-medica.pl\/pl\/wp-json\/wp\/v2\/pages\/14929"}],"wp:attachment":[{"href":"https:\/\/balsam-medica.pl\/pl\/wp-json\/wp\/v2\/media?parent=15255"}],"curies":[{"name":"wp","href":"https:\/\/api.w.org\/{rel}","templated":true}]}}