{"id":15253,"date":"2024-02-21T20:17:16","date_gmt":"2024-02-21T20:17:16","guid":{"rendered":"https:\/\/balsam-medica.pl\/pl\/?page_id=15253"},"modified":"2024-02-21T20:17:16","modified_gmt":"2024-02-21T20:17:16","slug":"echokardiografia-dziecieca","status":"publish","type":"page","link":"https:\/\/balsam-medica.pl\/pl\/diagnostyka\/echokardiografia-dziecieca\/","title":{"rendered":"Echokardiografia dzieci\u0119ca"},"content":{"rendered":"<div id=\"cmsmasters_row_d579d305f3\" class=\"cmsmasters_row cmsmasters_color_scheme_default cmsmasters_row_top_default cmsmasters_row_bot_default cmsmasters_row_boxed\">\n<div class=\"cmsmasters_row_outer_parent\">\n<div class=\"cmsmasters_row_overlay\"><\/div>\n<div class=\"cmsmasters_row_outer\">\n<div class=\"cmsmasters_row_inner\">\n<div class=\"cmsmasters_row_margin\">\n<div id=\"cmsmasters_column_cfb1967824\" class=\"cmsmasters_column one_half\">\n<div class=\"cmsmasters_column_inner\"><div id=\"cmsmasters_heading_d455c4ac5a\" class=\"cmsmasters_heading_wrap cmsmasters_heading_align_left\">\n\t<h1 class=\"cmsmasters_heading\">Echokardiografia dzieci\u0119ca<\/h1>\n<\/div><div class=\"cmsmasters_text\">\n<p><\/p>\n<\/div>\n<\/div><\/div>\n<div id=\"cmsmasters_column_8d0c511936\" class=\"cmsmasters_column one_half\">\n<div class=\"cmsmasters_column_inner\"><\/div><\/div>\n<\/div>\n<\/div>\n<\/div>\n<\/div>\n<\/div>\n<div id=\"cmsmasters_row_218uirvs8c\" class=\"cmsmasters_row cmsmasters_color_scheme_default cmsmasters_row_top_default cmsmasters_row_bot_default cmsmasters_row_boxed\">\n<div class=\"cmsmasters_row_outer_parent\">\n<div class=\"cmsmasters_row_outer\">\n<div class=\"cmsmasters_row_inner\">\n<div class=\"cmsmasters_row_margin\">\n<div id=\"cmsmasters_column_a1kz7amqb8\" class=\"cmsmasters_column one_first\">\n<div class=\"cmsmasters_column_inner\">\n<div id=\"cmsmasters_divider_eiy4tmeey\" class=\"cmsmasters_divider cmsmasters_divider_width_long cmsmasters_divider_pos_center\"><\/div>\n<div class=\"cmsmasters_text\">\n<h2>Co to echo serca?<\/h2>\n<p>To badanie bezinwazyjne metod\u0105 diagnostyczn\u0105 (obrazow\u0105) oparte na wykrywaniu zaburze\u0144 funkcjonowania serca oraz jego wad. Poprzez powracaj\u0105ce do g\u0142owicy ultradzwi\u0119ki, kt\u00f3re odbijaj\u0105 si\u0119 od struktur serca pozwalaj\u0105 na ich wizualizacj\u0119 na ekranie w czasie rzeczywistym. Specjalista poprzez takie badanie mo\u017ce oceni\u0107 budow\u0119 serca oraz naczy\u0144 krwiono\u015bnych, sprawdzi\u0107 prac\u0119 mi\u0119\u015bnia sercowego, czy zweryfikowa\u0107 prawid\u0142owo\u015b\u0107 pracy zastawek serca.<\/p>\n<h2>Wskazania do echa<\/h2>\n<p>Echo serca u dzieci przebiega w taki sam spos\u00f3b jak u doros\u0142ych. Takie same s\u0105 r\u00f3wnie\u017c wzkaznia wykonanie badania. Badanie echo u dzieci mo\u017ce okre\u015bli\u0107 budowe oraz prac\u0119 serca, pomaga r\u00f3wnie\u017c w wykryciu np. wady zastawek, czy innych nieprawid\u0142owo\u015bci.<\/p>\n<h2>Przygotowanie<\/h2>\n<p>Badanie echo jet ca\u0142kowicie nieinwazyjnym, bezbolesnym i bezpiecznym badaniem dla naszych najm\u0142odszych Pacjent\u00f3w, dlatego mo\u017cna wielkokrotnie powtarza\u0107 badanie. W przypadku dzieci zalecane jest, aby dziecko by\u0142o najedzone oraz wypocz\u0119te, tym samym spowoduje to spok\u00f3j i mniejszy stres u Pacjenta (p\u0142acz uniemo\u017cliwia wykonanie badania). Do gabinetu z dzieckiem mo\u017ce wej\u015b\u0107 jego opiekun, aby towarzyszy\u0107 podczas badania.<\/p>\n<\/div>\n<\/div><\/div>\n<\/div>\n<\/div>\n<\/div>\n<\/div>\n<\/div>\n\n","protected":false},"excerpt":{"rendered":"","protected":false},"author":1,"featured_media":0,"parent":14929,"menu_order":0,"comment_status":"closed","ping_status":"closed","template":"","meta":{"footnotes":""},"class_list":["post-15253","page","type-page","status-publish","hentry"],"_links":{"self":[{"href":"https:\/\/balsam-medica.pl\/pl\/wp-json\/wp\/v2\/pages\/15253","targetHints":{"allow":["GET"]}}],"collection":[{"href":"https:\/\/balsam-medica.pl\/pl\/wp-json\/wp\/v2\/pages"}],"about":[{"href":"https:\/\/balsam-medica.pl\/pl\/wp-json\/wp\/v2\/types\/page"}],"author":[{"embeddable":true,"href":"https:\/\/balsam-medica.pl\/pl\/wp-json\/wp\/v2\/users\/1"}],"replies":[{"embeddable":true,"href":"https:\/\/balsam-medica.pl\/pl\/wp-json\/wp\/v2\/comments?post=15253"}],"version-history":[{"count":1,"href":"https:\/\/balsam-medica.pl\/pl\/wp-json\/wp\/v2\/pages\/15253\/revisions"}],"predecessor-version":[{"id":15254,"href":"https:\/\/balsam-medica.pl\/pl\/wp-json\/wp\/v2\/pages\/15253\/revisions\/15254"}],"up":[{"embeddable":true,"href":"https:\/\/balsam-medica.pl\/pl\/wp-json\/wp\/v2\/pages\/14929"}],"wp:attachment":[{"href":"https:\/\/balsam-medica.pl\/pl\/wp-json\/wp\/v2\/media?parent=15253"}],"curies":[{"name":"wp","href":"https:\/\/api.w.org\/{rel}","templated":true}]}}