{"id":15251,"date":"2024-02-21T20:15:56","date_gmt":"2024-02-21T20:15:56","guid":{"rendered":"https:\/\/balsam-medica.pl\/pl\/?page_id=15251"},"modified":"2024-02-21T20:15:56","modified_gmt":"2024-02-21T20:15:56","slug":"echokardiografia-doroslych","status":"publish","type":"page","link":"https:\/\/balsam-medica.pl\/pl\/diagnostyka\/echokardiografia-doroslych\/","title":{"rendered":"Echokardiografia doros\u0142ych"},"content":{"rendered":"<div id=\"cmsmasters_row_d579d305f3\" class=\"cmsmasters_row cmsmasters_color_scheme_default cmsmasters_row_top_default cmsmasters_row_bot_default cmsmasters_row_boxed\">\n<div class=\"cmsmasters_row_outer_parent\">\n<div class=\"cmsmasters_row_overlay\"><\/div>\n<div class=\"cmsmasters_row_outer\">\n<div class=\"cmsmasters_row_inner\">\n<div class=\"cmsmasters_row_margin\">\n<div id=\"cmsmasters_column_cfb1967824\" class=\"cmsmasters_column one_half\">\n<div class=\"cmsmasters_column_inner\"><div id=\"cmsmasters_heading_d455c4ac5a\" class=\"cmsmasters_heading_wrap cmsmasters_heading_align_left\">\n\t<h1 class=\"cmsmasters_heading\">Echokardiografia doros\u0142ych<\/h1>\n<\/div><div class=\"cmsmasters_text\">\n<p><\/p>\n<\/div>\n<\/div><\/div>\n<div id=\"cmsmasters_column_8d0c511936\" class=\"cmsmasters_column one_half\">\n<div class=\"cmsmasters_column_inner\"><\/div><\/div>\n<\/div>\n<\/div>\n<\/div>\n<\/div>\n<\/div>\n<div id=\"cmsmasters_row_218uirvs8c\" class=\"cmsmasters_row cmsmasters_color_scheme_default cmsmasters_row_top_default cmsmasters_row_bot_default cmsmasters_row_boxed\">\n<div class=\"cmsmasters_row_outer_parent\">\n<div class=\"cmsmasters_row_outer\">\n<div class=\"cmsmasters_row_inner\">\n<div class=\"cmsmasters_row_margin\">\n<div id=\"cmsmasters_column_a1kz7amqb8\" class=\"cmsmasters_column one_first\">\n<div class=\"cmsmasters_column_inner\">\n<div id=\"cmsmasters_divider_eiy4tmeey\" class=\"cmsmasters_divider cmsmasters_divider_width_long cmsmasters_divider_pos_center\"><\/div>\n<div class=\"cmsmasters_text\">\n<h2>Co to echo serca?<\/h2>\n<p>To badanie bezinwazyjne metod\u0105 diagnostyczn\u0105 (obrazow\u0105) opart\u0119 na wykrywaniu zaburze\u0144 funkcjonowania serca oraz jego wad. Poprzez powracaj\u0105ce do g\u0142owicy ultrad\u017awi\u0119ki, kt\u00f3re odbijaj\u0105 si\u0119 od struktur serca pozwalaj\u0105 na ich wizualizacj\u0119 na ekranie w czasie rzeczywistym. Specjalista poprzez takie badanie mo\u017ce oceni\u0107 budow\u0119 serca oraz naczy\u0144 krwiono\u015bnych, sprawdzi\u0107 prac\u0119 mi\u0119\u015bnia sercowego, czy zweryfikowa\u0107 prawid\u0142owo\u015b\u0107 pracy zastawek serca.<\/p>\n<h2>Echo serca &#8211; wskazania<\/h2>\n<p>Wskazanie wykonania badania kieruje si\u0119 do os\u00f3b, kt\u00f3re mia\u0142y zawa\u0142 serca, udar m\u00f3zgu, niewyja\u015bnione omdlenia lub szmery w sercu. Na badanie kieruje si\u0119 r\u00f3wnie\u017c osoby, kt\u00f3re czuj\u0105 b\u00f3l w klatce piersiowej, czy skar\u017c\u0105 si\u0119 na dusznoci &#8211; tym badaniem mo\u017cemy potwierdzi\u0107 lub wykluczy\u0107 kardiologiczn\u0105 przyczyn\u0119 tych dolegliwo\u015bci.<\/p>\n<p><strong>Profilaktycznie badanie powinny wykonywa\u0107 osoby mi\u0119dzy innymi:<\/strong><\/p>\n<ul>\n<li>w przypadku; chor\u00f3b uk\u0142adu kr\u0105\u017cenia, choroby zakrzepowo-zatorowej, choroby niedokrwiennej serca, czy wad serca.<\/li>\n<li>przy; nadci\u015bnieniu t\u0119tniczym, zapaleniu wsierdzia, zapaleniu mi\u0119snia sercowego, przero\u015bcie mi\u0119\u015bnia sercowego, zaburzeniach rytmu serca, czy kardiomiopatii.<\/li>\n<\/ul>\n<p>To kilka z przyk\u0142ad\u00f3w, nie zapominajmy, \u017ce echo serca jest istotnym badaniem diagnostycznym, kt\u00f3re w \u0142atwy i szybki spos\u00f3b pomo\u017ce w okre\u015bleniu nieprawid\u0142o\u015bci pracy serca.<\/p>\n<h2>Przebieg badania<\/h2>\n<p>Pacjent rozebrany od pasa w g\u00f3r\u0119, k\u0142adzi\u0119 si\u0119 na lewym boku z r\u0119ka pod g\u0142ow\u0105. Praw\u0105 r\u0119k\u0119 uk\u0142ada wzd\u0142u\u017c tu\u0142owia. Nast\u0119pnia specjalista wykonuj\u0105cy badanie przyk\u0142adaj\u0105c do klatki piersiowej ultradzwi\u0119kow\u0105 g\u0142owic\u0119 aparatu z \u017celem zaczyna badanie. Opis dostaje si\u0119 bezpo\u015brednio po wykonaniu badania i z nim trzeba uda\u0107 si\u0119 do odpowiedniego specjalisty, kt\u00f3ry zinterpretuje nam wynik.<\/p>\n<h2>Przygotowanie<\/h2>\n<p>Badanie echo jet ca\u0142kowicie nieinwazyjnym, bezbolesnym i bezpiecznym badaniem dla Pacjenta, dlatego mo\u017cna wielkokrotnie powtarza\u0107 badanie. Tym samym do samego badania Pacjent nie ma specjalnego przygotowania.<\/p>\n<\/div>\n<\/div><\/div>\n<\/div>\n<\/div>\n<\/div>\n<\/div>\n<\/div>\n\n","protected":false},"excerpt":{"rendered":"","protected":false},"author":1,"featured_media":0,"parent":14929,"menu_order":0,"comment_status":"closed","ping_status":"closed","template":"","meta":{"footnotes":""},"class_list":["post-15251","page","type-page","status-publish","hentry"],"_links":{"self":[{"href":"https:\/\/balsam-medica.pl\/pl\/wp-json\/wp\/v2\/pages\/15251","targetHints":{"allow":["GET"]}}],"collection":[{"href":"https:\/\/balsam-medica.pl\/pl\/wp-json\/wp\/v2\/pages"}],"about":[{"href":"https:\/\/balsam-medica.pl\/pl\/wp-json\/wp\/v2\/types\/page"}],"author":[{"embeddable":true,"href":"https:\/\/balsam-medica.pl\/pl\/wp-json\/wp\/v2\/users\/1"}],"replies":[{"embeddable":true,"href":"https:\/\/balsam-medica.pl\/pl\/wp-json\/wp\/v2\/comments?post=15251"}],"version-history":[{"count":1,"href":"https:\/\/balsam-medica.pl\/pl\/wp-json\/wp\/v2\/pages\/15251\/revisions"}],"predecessor-version":[{"id":15252,"href":"https:\/\/balsam-medica.pl\/pl\/wp-json\/wp\/v2\/pages\/15251\/revisions\/15252"}],"up":[{"embeddable":true,"href":"https:\/\/balsam-medica.pl\/pl\/wp-json\/wp\/v2\/pages\/14929"}],"wp:attachment":[{"href":"https:\/\/balsam-medica.pl\/pl\/wp-json\/wp\/v2\/media?parent=15251"}],"curies":[{"name":"wp","href":"https:\/\/api.w.org\/{rel}","templated":true}]}}