{"id":15247,"date":"2024-02-21T20:10:29","date_gmt":"2024-02-21T20:10:29","guid":{"rendered":"https:\/\/balsam-medica.pl\/pl\/?page_id=15247"},"modified":"2024-03-21T21:11:24","modified_gmt":"2024-03-21T21:11:24","slug":"spirometria","status":"publish","type":"page","link":"https:\/\/balsam-medica.pl\/pl\/diagnostyka\/spirometria\/","title":{"rendered":"Spirometria"},"content":{"rendered":"<div id=\"cmsmasters_row_d579d305f3\" class=\"cmsmasters_row cmsmasters_color_scheme_default cmsmasters_row_top_default cmsmasters_row_bot_default cmsmasters_row_boxed\">\n<div class=\"cmsmasters_row_outer_parent\">\n<div class=\"cmsmasters_row_overlay\"><\/div>\n<div class=\"cmsmasters_row_outer\">\n<div class=\"cmsmasters_row_inner\">\n<div class=\"cmsmasters_row_margin\">\n<div id=\"cmsmasters_column_cfb1967824\" class=\"cmsmasters_column one_half\">\n<div class=\"cmsmasters_column_inner\"><div id=\"cmsmasters_heading_d455c4ac5a\" class=\"cmsmasters_heading_wrap cmsmasters_heading_align_left\">\n\t<h1 class=\"cmsmasters_heading\">Spirometria<\/h1>\n<\/div><div class=\"cmsmasters_text\">\n<p><\/p>\n<\/div>\n<\/div><\/div>\n<div id=\"cmsmasters_column_8d0c511936\" class=\"cmsmasters_column one_half\">\n<div class=\"cmsmasters_column_inner\"><\/div><\/div>\n<\/div>\n<\/div>\n<\/div>\n<\/div>\n<\/div>\n<div id=\"cmsmasters_row_218uirvs8c\" class=\"cmsmasters_row cmsmasters_color_scheme_default cmsmasters_row_top_default cmsmasters_row_bot_default cmsmasters_row_boxed\">\n<div class=\"cmsmasters_row_outer_parent\">\n<div class=\"cmsmasters_row_outer\">\n<div class=\"cmsmasters_row_inner\">\n<div class=\"cmsmasters_row_margin\">\n<div id=\"cmsmasters_column_a1kz7amqb8\" class=\"cmsmasters_column one_first\">\n<div class=\"cmsmasters_column_inner\">\n<div id=\"cmsmasters_divider_eiy4tmeey\" class=\"cmsmasters_divider cmsmasters_divider_width_long cmsmasters_divider_pos_center\"><\/div>\n<div class=\"cmsmasters_text\">\n<h2>Czym jest spirometria?<\/h2>\n<p>Spirometria to jedno z podstawowych bada\u0144 diagnostycznych w diagnostyce przewlek\u0142ych chor\u00f3b uk\u0142adu oddechowego. Pozwala oceni\u0107 pojemno\u015b\u0107 p\u0142uc oraz pr\u0119dko\u015b\u0107 przep\u0142ywu powietrza przez drogi oddechowe.<\/p>\n<h2>Wskazanie do przeprowadzenia badania<\/h2>\n<p>Badanie to wykorzystywane jest do rozpoznawania, monitorowania i oceny procesu leczenia wielu przewlek\u0142ych chor\u00f3b uk\u0142adu oddechowego.<\/p>\n<p>Wskazaniem do badania mog\u0105 by\u0107 wyst\u0119puj\u0105ce:<\/p>\n<ul>\n<li>duszno\u015bci (spoczynkowe lub w trakcie b\u0105d\u017a po wysi\u0142ku fizycznym)<\/li>\n<li>kaszel (szczeg\u00f3lnie przewlek\u0142y)<\/li>\n<li>\u015bwiszcz\u0105cy oddech<\/li>\n<li>b\u00f3le w klatce piersiowej, uczucie ci\u0119\u017caru<\/li>\n<li>wyd\u0142u\u017cona faza wydechu<\/li>\n<li>cz\u0119ste infekcje uk\u0142adu oddechowego (mo\u017cliwe, \u017ce s\u0105 to nierozpoznane wcze\u015bniej zaostrzenia astmy lub POChP)<\/li>\n<li>sinica<\/li>\n<li>badanie warto wykonywa\u0107 kontrolnie u pal\u0105cych papierosy (obecnie, ale tak\u017ce w przesz\u0142o\u015bci) w celu wczesnego wykrycia POChP (dane epidemiologiczne wskazuj\u0105, \u017ce 75% chorych na POChP, czyli przewlek\u0142\u0105 obturacyjn\u0105 chorob\u0119 p\u0142uc nie wie o swojej chorobie)<\/li>\n<li>praca w warunkach nara\u017cenia na czynniki toksyczne (mo\u017ce by\u0107 przyczyn\u0105 POChP lub astmy)<\/li>\n<\/ul>\n<p>Chorzy na astm\u0119 oskrzelow\u0105 i POChP powinni regularnie powtarza\u0107 to badanie w celu wykrycia przy\u015bpieszonej utraty funkcji p\u0142uc \u2013 niekorzystnego czynnika rokowniczego w tych chorobach.<\/p>\n<h2>Jak wygl\u0105da przebieg badania<\/h2>\n<p>Badanie przeprowadza si\u0119 przy u\u017cyciu specjalnego urz\u0105dzenia \u2013 spirometru. Jest to badanie bezinwazyjne i bezbolesne, cho\u0107 wymagaj\u0105ce wysi\u0142ku \u2013 mierzone s\u0105 maksymalne, mo\u017cliwe do osi\u0105gni\u0119cia pojemno\u015bci i przep\u0142ywy powietrza przez drogi oddechowe. Pacjent oddycha przez ustnik, a urz\u0105dzenie (spirometr) rejestruje parametry oddechowe podczas kontrolowanych wdech\u00f3w i wydech\u00f3w. Uwidacznia mi\u0119dzy innymi wyniki parametr\u00f3w oddechowych, takich jak FEV1 (nat\u0119\u017cona pierwszosekundowa obj\u0119to\u015b\u0107 wydechowa), FVC (nat\u0119\u017cona pojemno\u015b\u0107 \u017cyciowa), czy PEF (szczytowy przep\u0142yw wydechowy).<\/p>\n<ul>\n<li>Cz\u0119sto badanie wykonywane jest z tzw. &#8222;pr\u00f3b\u0105 rozkurczow\u0105\u201d \u2013 obecnie preferowana forma w przypadku pierwszego badania diagnostycznego u ka\u017cdego chorego. Polega to na wykonaniu dw\u00f3ch bada\u0144 spirometrycznych w odst\u0119pie 15 minut, ale drugie wykonywane jest po podaniu leku rozkurczaj\u0105cego oskrzela. Test pozwala oceni\u0107 wra\u017cliwo\u015b\u0107 dr\u00f3g oddechowych na leki oraz pomaga w diagnostyce r\u00f3\u017cnicowej astmy i POChP.<\/li>\n<li>W naszej plac\u00f3wce spirometria wykonywana jest przez osob\u0119 posiadaj\u0105c\u0105 stosowne certyfikaty i odbyte szkolenia (na co dzie\u0144 pracuje w referencyjnym o\u015brodku specjalistycznym \u2013 instytucie naukowym, bierze udzia\u0142 w badaniach klinicznych przez co ma bogate do\u015bwiadczenie i umiej\u0119tno\u015bci).<\/li>\n<\/ul>\n<h2>Przygotowanie<\/h2>\n<p>Badanie spirometrii nie wymaga szczeg\u00f3lnego przygotowania, najwa\u017cniejszymi rzeczami o kt\u00f3rych trzeba pami\u0119ta\u0107 s\u0105:<\/p>\n<ul>\n<li>nale\u017cy w\u0142o\u017cy\u0107 lu\u017ane ubranie, aby m\u00f3c wykonywa\u0107 swobodne ruchy klatk\u0105 piersiow\u0105 (g\u0142\u0119bokie wdechy i wydechy)<\/li>\n<li>badany nie powinien przyjmowa\u0107 lek\u00f3w, kt\u00f3re mog\u0142yby zaburzy\u0107 wynik badania (w tym lek\u00f3w rozkurczowych oskrzela), a je\u015bli nie ma mo\u017cliwo\u015bci zaprzestania ich u\u017cywania trzeba poinformowa\u0107 o tym wykonuj\u0105cego badanie<\/li>\n<li>kilka godzin przed badaniem powstrzyma\u0107 si\u0119 od picia alkoholu i palenia papieros\u00f3w<\/li>\n<li>nie spo\u017cywa\u0107 obfitych posi\u0142k\u00f3w w czasie kr\u00f3tszym ni\u017c dwie godziny przed zaplanowanym badaniem<\/li>\n<li>zaburzy\u0107 wynik mo\u017ce r\u00f3wnie\u017c zm\u0119czenie fizyczne i stres, wi\u0119c na badanie warto przyj\u015b\u0107 oko\u0142o 20 min wcze\u015bniej, aby organizm zd\u0105\u017cy\u0142 odpocz\u0105\u0107<\/li>\n<\/ul>\n<\/div>\n<\/div><\/div>\n<\/div>\n<\/div>\n<\/div>\n<\/div>\n<\/div>\n\n","protected":false},"excerpt":{"rendered":"","protected":false},"author":1,"featured_media":0,"parent":14929,"menu_order":0,"comment_status":"closed","ping_status":"closed","template":"","meta":{"footnotes":""},"class_list":["post-15247","page","type-page","status-publish","hentry"],"_links":{"self":[{"href":"https:\/\/balsam-medica.pl\/pl\/wp-json\/wp\/v2\/pages\/15247","targetHints":{"allow":["GET"]}}],"collection":[{"href":"https:\/\/balsam-medica.pl\/pl\/wp-json\/wp\/v2\/pages"}],"about":[{"href":"https:\/\/balsam-medica.pl\/pl\/wp-json\/wp\/v2\/types\/page"}],"author":[{"embeddable":true,"href":"https:\/\/balsam-medica.pl\/pl\/wp-json\/wp\/v2\/users\/1"}],"replies":[{"embeddable":true,"href":"https:\/\/balsam-medica.pl\/pl\/wp-json\/wp\/v2\/comments?post=15247"}],"version-history":[{"count":4,"href":"https:\/\/balsam-medica.pl\/pl\/wp-json\/wp\/v2\/pages\/15247\/revisions"}],"predecessor-version":[{"id":15272,"href":"https:\/\/balsam-medica.pl\/pl\/wp-json\/wp\/v2\/pages\/15247\/revisions\/15272"}],"up":[{"embeddable":true,"href":"https:\/\/balsam-medica.pl\/pl\/wp-json\/wp\/v2\/pages\/14929"}],"wp:attachment":[{"href":"https:\/\/balsam-medica.pl\/pl\/wp-json\/wp\/v2\/media?parent=15247"}],"curies":[{"name":"wp","href":"https:\/\/api.w.org\/{rel}","templated":true}]}}