{"id":14929,"date":"2023-10-23T07:06:14","date_gmt":"2023-10-23T07:06:14","guid":{"rendered":"https:\/\/balsam-medica.pl\/pl\/?page_id=14929"},"modified":"2025-04-18T09:07:55","modified_gmt":"2025-04-18T09:07:55","slug":"diagnostyka","status":"publish","type":"page","link":"https:\/\/balsam-medica.pl\/pl\/diagnostyka\/","title":{"rendered":"Diagnostyka"},"content":{"rendered":"<div id=\"cmsmasters_row_d579d305f3\" class=\"cmsmasters_row cmsmasters_color_scheme_default cmsmasters_row_top_default cmsmasters_row_bot_default cmsmasters_row_boxed\">\n<div class=\"cmsmasters_row_outer_parent\">\n<div class=\"cmsmasters_row_overlay\"><\/div>\n<div class=\"cmsmasters_row_outer\">\n<div class=\"cmsmasters_row_inner\">\n<div class=\"cmsmasters_row_margin\">\n<div id=\"cmsmasters_column_cfb1967824\" class=\"cmsmasters_column one_half\">\n<div class=\"cmsmasters_column_inner\"><div id=\"cmsmasters_heading_d455c4ac5a\" class=\"cmsmasters_heading_wrap cmsmasters_heading_align_left\">\n\t<h1 class=\"cmsmasters_heading\">Daignostyka<\/h1>\n<\/div><div class=\"cmsmasters_text\">\n<p><\/p>\n<\/div>\n<\/div><\/div>\n<div id=\"cmsmasters_column_8d0c511936\" class=\"cmsmasters_column one_half\">\n<div class=\"cmsmasters_column_inner\"><\/div><\/div>\n<\/div>\n<\/div>\n<\/div>\n<\/div>\n<\/div>\n<div id=\"cmsmasters_row_218uirvs8c\" class=\"cmsmasters_row cmsmasters_color_scheme_default cmsmasters_row_top_default cmsmasters_row_bot_default cmsmasters_row_boxed\">\n<div class=\"cmsmasters_row_outer_parent\">\n<div class=\"cmsmasters_row_outer\">\n<div class=\"cmsmasters_row_inner\">\n<div class=\"cmsmasters_row_margin\">\n<div id=\"cmsmasters_column_a1kz7amqb8\" class=\"cmsmasters_column one_first\">\n<div class=\"cmsmasters_column_inner\">\n<div id=\"cmsmasters_divider_eiy4tmeey\" class=\"cmsmasters_divider cmsmasters_divider_width_long cmsmasters_divider_pos_center\"><\/div>\n<div id=\"cmsmasters_heading_bcdnijizfd\" class=\"cmsmasters_heading_wrap cmsmasters_heading_align_left\">\n\t<h2 class=\"cmsmasters_heading\">Obecnie \u015bwiadczone us\u0142ugi<\/h2>\n<\/div><div class=\"cmsmasters_text\">\n<h2 class=\"ql-block\" data-block-id=\"block-401563e9-41af-42c6-b97e-ad461999b35c\"><span style=\"color: #5f7d77;\">Holter EKG, Holter EKG 24h, Holter EKG 72h<\/span><\/h2>\n<h3 class=\"ql-block\" data-block-id=\"block-ecc143fa-d735-4c9e-ac50-773c116a1239\">Opis badania:<\/h3>\n<div class=\"ql-block\" data-block-id=\"block-3c500787-dc8e-412e-bcda-831f1b3d13d0\">Holter EKG to badanie elektrycznej czynno\u015bci serca, kt\u00f3re przeprowadzane jest przez minimum 24 godziny, a w niekt\u00f3rych przypadkach nawet przez kilka dni. Dzi\u0119ki ci\u0105g\u0142emu zapisowi pracy serca mo\u017cliwa jest ocena dynamicznych zmian zachodz\u0105cych w mi\u0119\u015bniu sercowym i zdiagnozowanie utajonych zaburze\u0144, kt\u00f3rych nie mo\u017cna wykry\u0107 w standardowym, spoczynkowym badaniu EKG. Holter umo\u017cliwia ocen\u0119 pracy serca r\u00f3wnie\u017c w trakcie snu. Jest to istotne, poniewa\u017c w niekt\u00f3rych przypadkach to w\u0142a\u015bnie tylko wtedy dochodzi do powa\u017cnych zaburze\u0144 jego funkcji.<\/div>\n<div class=\"ql-block\" data-block-id=\"block-2d9a1037-0ba1-4703-9f16-257e82a55a52\"><\/div>\n<div class=\"ql-block\" data-block-id=\"block-274a9487-55af-44ed-bd44-3a41234a553c\"><strong>Czego nie wolno robi\u0107, jak si\u0119 ma za\u0142o\u017cony holter?<\/strong><\/div>\n<div class=\"ql-block\" data-block-id=\"block-766aa6d2-d4e8-4754-9a68-60b832327e33\">Holter EKG to badanie, kt\u00f3re wyklucza tak naprawd\u0119 tylko jedn\u0105 czynno\u015b\u0107 \u2013 nie nale\u017cy bra\u0107 k\u0105pieli ani prysznica. Urz\u0105dzenie nie jest wodoodporne. Zamoczone elektrody odklejaj\u0105 si\u0119 od cia\u0142a, a rejestrator pod wp\u0142ywem wilgoci ma prawo ulec awarii.<\/div>\n<div class=\"ql-block\" data-block-id=\"block-84968135-e30d-4737-aea0-de56ed2e4257\"><\/div>\n<div data-block-id=\"block-84968135-e30d-4737-aea0-de56ed2e4257\"><\/div>\n<h2 class=\"ql-block\" data-block-id=\"block-443768d7-aff2-4c4b-a62f-e0c151e33216\"><a href=\"https:\/\/balsam-medica.pl\/pl\/diagnostyka\/holter-cisnieniowy-24h-abpm\/\"><span style=\"color: #5f7d77;\">Holter Ci\u015bnieniowy 24h (ABPM)<\/span><\/a><\/h2>\n<h2 class=\"ql-block\" data-block-id=\"block-443768d7-aff2-4c4b-a62f-e0c151e33216\"><a href=\"https:\/\/balsam-medica.pl\/pl\/diagnostyka\/echokardiografia-doroslych\/\"><span style=\"color: #5f7d77;\">Echokardiografia doros\u0142ych<\/span><\/a><\/h2>\n<h2 class=\"ql-block\" data-block-id=\"block-ee8a903d-481e-4fab-b07c-a3dd4d1f0d05\"><a href=\"https:\/\/balsam-medica.pl\/pl\/diagnostyka\/echokardiografia-dziecieca\/\"><span style=\"color: #5f7d77;\">Echokardiografia dzieci\u0119ca<\/span><\/a><\/h2>\n<h2 class=\"ql-block\" data-block-id=\"block-dd68d3d5-5b2d-4b29-a176-8ae928d83d7e\"><a href=\"https:\/\/balsam-medica.pl\/pl\/diagnostyka\/spirometria\/\"><span style=\"color: #5f7d77;\">Spirometria<\/span><\/a><\/h2>\n<h2 class=\"ql-block\" data-block-id=\"block-dd68d3d5-5b2d-4b29-a176-8ae928d83d7e\"><span style=\"color: #5f7d77;\">Spirometria z pr\u00f3b\u0105 rozkurczow\u0105<\/span><\/h2>\n<h2 class=\"ql-block\" data-block-id=\"block-49bf19c9-626c-4b52-944b-8133606d355e\"><a href=\"https:\/\/balsam-medica.pl\/pl\/diagnostyka\/ultrasonografia\/\"><span style=\"color: #5f7d77;\">Ultrasonografia<\/span><\/a><\/h2>\n<ul>\n<li class=\"ql-block\" data-block-id=\"block-94eb9a3e-83dc-4002-a8ef-afbe7db82e60\">USG jamy brzusznej (w\u0105troba, nerki, trzustka, p\u0119cherzyk \u017c\u00f3\u0142ciowy)<\/li>\n<li class=\"ql-block\" data-block-id=\"block-e7040aa9-ae90-4eb7-af99-0a5dea00a2a3\">USG jamy brzusznej z Doppler &#8211; ocena aorty i t\u0119tnic nerkowych<\/li>\n<li class=\"ql-block\" data-block-id=\"block-6f88edf9-235c-495f-985a-a2fa037a943d\">USG t\u0119tnic szyjnych<\/li>\n<li class=\"ql-block\" data-block-id=\"block-ff81483c-ef08-4f95-b4b8-df94d68d76c0\">USG t\u0119tnic ko\u0144czyn dolnych<\/li>\n<\/ul>\n<\/div>\n<\/div><\/div>\n<\/div>\n<\/div>\n<\/div>\n<\/div>\n<\/div>\n\n","protected":false},"excerpt":{"rendered":"","protected":false},"author":1,"featured_media":0,"parent":0,"menu_order":0,"comment_status":"closed","ping_status":"closed","template":"","meta":{"footnotes":""},"class_list":["post-14929","page","type-page","status-publish","hentry"],"_links":{"self":[{"href":"https:\/\/balsam-medica.pl\/pl\/wp-json\/wp\/v2\/pages\/14929","targetHints":{"allow":["GET"]}}],"collection":[{"href":"https:\/\/balsam-medica.pl\/pl\/wp-json\/wp\/v2\/pages"}],"about":[{"href":"https:\/\/balsam-medica.pl\/pl\/wp-json\/wp\/v2\/types\/page"}],"author":[{"embeddable":true,"href":"https:\/\/balsam-medica.pl\/pl\/wp-json\/wp\/v2\/users\/1"}],"replies":[{"embeddable":true,"href":"https:\/\/balsam-medica.pl\/pl\/wp-json\/wp\/v2\/comments?post=14929"}],"version-history":[{"count":18,"href":"https:\/\/balsam-medica.pl\/pl\/wp-json\/wp\/v2\/pages\/14929\/revisions"}],"predecessor-version":[{"id":15392,"href":"https:\/\/balsam-medica.pl\/pl\/wp-json\/wp\/v2\/pages\/14929\/revisions\/15392"}],"wp:attachment":[{"href":"https:\/\/balsam-medica.pl\/pl\/wp-json\/wp\/v2\/media?parent=14929"}],"curies":[{"name":"wp","href":"https:\/\/api.w.org\/{rel}","templated":true}]}}