{"id":14213,"date":"2023-09-05T08:27:12","date_gmt":"2023-09-05T08:27:12","guid":{"rendered":"https:\/\/balsam-medica.pl\/pl\/?page_id=14213"},"modified":"2023-10-23T06:56:40","modified_gmt":"2023-10-23T06:56:40","slug":"kardiologia-dziecieca","status":"publish","type":"page","link":"https:\/\/balsam-medica.pl\/pl\/kardiologia-dziecieca\/","title":{"rendered":"Kardiologia dzieci\u0119ca"},"content":{"rendered":"<div id=\"cmsmasters_row_834fbd06f9\" class=\"cmsmasters_row cmsmasters_color_scheme_default cmsmasters_row_top_default cmsmasters_row_bot_default cmsmasters_row_boxed\">\n<div class=\"cmsmasters_row_outer_parent\">\n<div class=\"cmsmasters_row_outer\">\n<div class=\"cmsmasters_row_inner\">\n<div class=\"cmsmasters_row_margin\">\n<div id=\"cmsmasters_column_901f4646bb\" class=\"cmsmasters_column one_first\">\n<div class=\"cmsmasters_column_inner\"><div class=\"aligncenter\"><div class=\"cmsmasters_img  cmsmasters_image_c\"><img decoding=\"async\" src=\"https:\/\/balsam-medica.pl\/wp-content\/uploads\/2023\/10\/mala-dziewczynka-pokazuje-serce-z-rak-w-gabinecie-lekarzy-e1696690057127.jpg\" \/><\/div><\/div><div id=\"cmsmasters_heading_494f3b0e33\" class=\"cmsmasters_heading_wrap cmsmasters_heading_align_left\">\n\t<h2 class=\"cmsmasters_heading\">Kardiologia dzieci\u0119ca<\/h2>\n<\/div><div class=\"cmsmasters_text\">\n<p>Kardiolodzy dzieci\u0119cy specjalizuj\u0105 si\u0119 w wykrywaniu i leczeniu \u00a0zar\u00f3wno wrodzonych \u00a0wad serca, jak i wad oraz chor\u00f3b nabytych w kolejnych latach \u017cycia dziecka.<\/p>\n<\/div>\n<\/div><\/div>\n<\/div>\n<\/div>\n<\/div>\n<\/div>\n<\/div>\n<div id=\"cmsmasters_row_412261098b\" class=\"cmsmasters_row cmsmasters_color_scheme_default cmsmasters_row_top_default cmsmasters_row_bot_default cmsmasters_row_boxed\">\n<div class=\"cmsmasters_row_outer_parent\">\n<div class=\"cmsmasters_row_outer\">\n<div class=\"cmsmasters_row_inner\">\n<div class=\"cmsmasters_row_margin\">\n<div id=\"cmsmasters_column_4a2d892c3a\" class=\"cmsmasters_column one_first\">\n<div class=\"cmsmasters_column_inner\">\n<div id=\"cmsmasters_divider_3a0d9af80b\" class=\"cmsmasters_divider cmsmasters_divider_width_long cmsmasters_divider_pos_center\"><\/div>\n<div id=\"cmsmasters_heading_a731ec9f45\" class=\"cmsmasters_heading_wrap cmsmasters_heading_align_left\">\n\t<h2 class=\"cmsmasters_heading\">Nasi kardiolodzy dzieci\u0119cy<\/h2>\n<\/div>\n<\/div><\/div>\n<\/div>\n<\/div>\n<\/div>\n<\/div>\n<\/div>\n<div id=\"cmsmasters_row_47e3494600\" class=\"cmsmasters_row cmsmasters_color_scheme_default cmsmasters_row_top_default cmsmasters_row_bot_default cmsmasters_row_boxed\">\n<div class=\"cmsmasters_row_outer_parent\">\n<div class=\"cmsmasters_row_outer\">\n<div class=\"cmsmasters_row_inner\">\n<div class=\"cmsmasters_row_margin\">\n<div id=\"cmsmasters_column_b09a8cf340\" class=\"cmsmasters_column one_first\">\n<div class=\"cmsmasters_column_inner\">\n<div id=\"cmsmasters_profile_69e43711e0d96\" class=\"cmsmasters_profile horizontal\" data-animation=\"fadeIn\" data-delay=\"0\">\n<!-- Start Profile Horizontal Article -->\r\n<article id=\"post-15362\" class=\"cmsmasters_profile_horizontal one_third post-15362 profile type-profile status-publish has-post-thumbnail hentry pl-categs-kardiologia-dziecieca\">\r\n\t<div class=\"profile_outer\">\r\n\t<figure class=\"cmsmasters_img_wrap\"><a href=\"https:\/\/balsam-medica.pl\/pl\/profile\/dr-hab-n-med-radoslaw-pietrzak\/\" title=\"dr hab. n. med. Rados\u0142aw Pietrzak\" class=\"cmsmasters_img_link\"><img loading=\"lazy\" decoding=\"async\" width=\"500\" height=\"500\" src=\"https:\/\/balsam-medica.pl\/wp-content\/uploads\/2025\/04\/Radoslaw-Pietrzak--500x500.jpg\" class=\" wp-post-image\" alt=\"dr hab. n. med. Rados\u0142aw Pietrzak\" title=\"Rados\u0142aw Pietrzak\" srcset=\"https:\/\/balsam-medica.pl\/wp-content\/uploads\/2025\/04\/Radoslaw-Pietrzak--500x500.jpg 500w, https:\/\/balsam-medica.pl\/wp-content\/uploads\/2025\/04\/Radoslaw-Pietrzak--300x300.jpg 300w, https:\/\/balsam-medica.pl\/wp-content\/uploads\/2025\/04\/Radoslaw-Pietrzak--150x150.jpg 150w, https:\/\/balsam-medica.pl\/wp-content\/uploads\/2025\/04\/Radoslaw-Pietrzak--65x65.jpg 65w\" sizes=\"auto, (max-width: 500px) 100vw, 500px\" \/><\/a><\/figure><div class=\"profile_inner\"><header class=\"cmsmasters_profile_header entry-header\"><h3 class=\"cmsmasters_profile_title entry-title\"><a href=\"https:\/\/balsam-medica.pl\/pl\/profile\/dr-hab-n-med-radoslaw-pietrzak\/\">dr hab. n. med. Rados\u0142aw Pietrzak<\/a><\/h3><\/header><\/div>\t<\/div>\r\n<\/article>\r\n<!-- Finish Profile Horizontal Article -->\r\n\r\n<\/div>\n<\/div><\/div>\n<\/div>\n<\/div>\n<\/div>\n<\/div>\n<\/div>\n\n","protected":false},"excerpt":{"rendered":"","protected":false},"author":1,"featured_media":14556,"parent":0,"menu_order":0,"comment_status":"closed","ping_status":"closed","template":"","meta":{"footnotes":""},"class_list":["post-14213","page","type-page","status-publish","has-post-thumbnail","hentry"],"_links":{"self":[{"href":"https:\/\/balsam-medica.pl\/pl\/wp-json\/wp\/v2\/pages\/14213","targetHints":{"allow":["GET"]}}],"collection":[{"href":"https:\/\/balsam-medica.pl\/pl\/wp-json\/wp\/v2\/pages"}],"about":[{"href":"https:\/\/balsam-medica.pl\/pl\/wp-json\/wp\/v2\/types\/page"}],"author":[{"embeddable":true,"href":"https:\/\/balsam-medica.pl\/pl\/wp-json\/wp\/v2\/users\/1"}],"replies":[{"embeddable":true,"href":"https:\/\/balsam-medica.pl\/pl\/wp-json\/wp\/v2\/comments?post=14213"}],"version-history":[{"count":6,"href":"https:\/\/balsam-medica.pl\/pl\/wp-json\/wp\/v2\/pages\/14213\/revisions"}],"predecessor-version":[{"id":14921,"href":"https:\/\/balsam-medica.pl\/pl\/wp-json\/wp\/v2\/pages\/14213\/revisions\/14921"}],"wp:featuredmedia":[{"embeddable":true,"href":"https:\/\/balsam-medica.pl\/pl\/wp-json\/wp\/v2\/media\/14556"}],"wp:attachment":[{"href":"https:\/\/balsam-medica.pl\/pl\/wp-json\/wp\/v2\/media?parent=14213"}],"curies":[{"name":"wp","href":"https:\/\/api.w.org\/{rel}","templated":true}]}}